{"id":520,"date":"2023-12-07T10:00:29","date_gmt":"2023-12-07T10:00:29","guid":{"rendered":"https:\/\/bbmagency.fr\/?page_id=520"},"modified":"2025-05-08T14:27:18","modified_gmt":"2025-05-08T14:27:18","slug":"seo","status":"publish","type":"page","link":"https:\/\/bbmagency.fr\/en\/seo\/","title":{"rendered":"SEO"},"content":{"rendered":"<div data-elementor-type=\"wp-page\" data-elementor-id=\"520\" class=\"elementor elementor-520\" data-elementor-post-type=\"page\">\n\t\t\t\t\t\t<section class=\"elementor-section elementor-top-section elementor-element elementor-element-91394b8 elementor-section-content-middle elementor-section-boxed elementor-section-height-default elementor-section-height-default\" data-id=\"91394b8\" data-element_type=\"section\" data-settings=\"{&quot;background_background&quot;:&quot;classic&quot;}\">\n\t\t\t\t\t\t\t<div class=\"elementor-background-overlay\"><\/div>\n\t\t\t\t\t\t\t<div class=\"elementor-container elementor-column-gap-default\">\n\t\t\t\t\t<div class=\"elementor-column elementor-col-100 elementor-top-column elementor-element elementor-element-a6e644a\" data-id=\"a6e644a\" data-element_type=\"column\">\n\t\t\t<div class=\"elementor-widget-wrap elementor-element-populated\">\n\t\t\t\t\t\t\t<\/div>\n\t\t<\/div>\n\t\t\t\t\t<\/div>\n\t\t<\/section>\n\t\t\t\t<section class=\"elementor-section elementor-top-section elementor-element elementor-element-0a07c5f elementor-section-boxed elementor-section-height-default elementor-section-height-default\" data-id=\"0a07c5f\" data-element_type=\"section\">\n\t\t\t\t\t\t<div class=\"elementor-container elementor-column-gap-default\">\n\t\t\t\t\t<div class=\"elementor-column elementor-col-100 elementor-top-column elementor-element elementor-element-9ce6967\" data-id=\"9ce6967\" data-element_type=\"column\">\n\t\t\t<div class=\"elementor-widget-wrap elementor-element-populated\">\n\t\t\t\t\t\t<section class=\"elementor-section elementor-inner-section elementor-element elementor-element-c28322a elementor-section-boxed elementor-section-height-default elementor-section-height-default elementor-invisible\" data-id=\"c28322a\" data-element_type=\"section\" data-settings=\"{&quot;animation&quot;:&quot;fadeInUp&quot;}\">\n\t\t\t\t\t\t<div class=\"elementor-container elementor-column-gap-no\">\n\t\t\t\t\t<div class=\"elementor-column elementor-col-33 elementor-inner-column elementor-element elementor-element-36a346d\" data-id=\"36a346d\" data-element_type=\"column\">\n\t\t\t<div class=\"elementor-widget-wrap elementor-element-populated\">\n\t\t\t\t\t\t<div class=\"elementor-element elementor-element-8da4c8f elementor-position-top elementor-widget elementor-widget-image-box\" data-id=\"8da4c8f\" data-element_type=\"widget\" data-widget_type=\"image-box.default\">\n\t\t\t\t<div class=\"elementor-widget-container\">\n\t\t\t\t\t<div class=\"elementor-image-box-wrapper\"><figure class=\"elementor-image-box-img\"><a href=\"https:\/\/bbmagency.fr\/en\/audit-seo\/\" tabindex=\"-1\"><img fetchpriority=\"high\" decoding=\"async\" width=\"1600\" height=\"1067\" src=\"https:\/\/bbmagency.fr\/wp-content\/uploads\/2024\/08\/Beat-Boost-Media-Agency-13.png\" class=\"attachment-full size-full wp-image-1329\" alt=\"\" srcset=\"https:\/\/bbmagency.fr\/wp-content\/uploads\/2024\/08\/Beat-Boost-Media-Agency-13.png 1600w, https:\/\/bbmagency.fr\/wp-content\/uploads\/2024\/08\/Beat-Boost-Media-Agency-13-300x200.png 300w, https:\/\/bbmagency.fr\/wp-content\/uploads\/2024\/08\/Beat-Boost-Media-Agency-13-1024x683.png 1024w, https:\/\/bbmagency.fr\/wp-content\/uploads\/2024\/08\/Beat-Boost-Media-Agency-13-768x512.png 768w, https:\/\/bbmagency.fr\/wp-content\/uploads\/2024\/08\/Beat-Boost-Media-Agency-13-1536x1024.png 1536w, https:\/\/bbmagency.fr\/wp-content\/uploads\/2024\/08\/Beat-Boost-Media-Agency-13-18x12.png 18w, https:\/\/bbmagency.fr\/wp-content\/uploads\/2024\/08\/Beat-Boost-Media-Agency-13-600x400.png 600w\" sizes=\"(max-width: 1600px) 100vw, 1600px\" \/><\/a><\/figure><div class=\"elementor-image-box-content\"><h6 class=\"elementor-image-box-title\"><a href=\"https:\/\/bbmagency.fr\/en\/audit-seo\/\">Audit SEO<\/a><\/h6><p class=\"elementor-image-box-description\">Analyse compl\u00e8te pour d\u00e9tecter les points faibles de votre site et am\u00e9liorer votre SEO.<\/p><\/div><\/div>\t\t\t\t<\/div>\n\t\t\t\t<\/div>\n\t\t\t\t\t<\/div>\n\t\t<\/div>\n\t\t\t\t<div class=\"elementor-column elementor-col-33 elementor-inner-column elementor-element elementor-element-7d2ca18\" data-id=\"7d2ca18\" data-element_type=\"column\">\n\t\t\t<div class=\"elementor-widget-wrap elementor-element-populated\">\n\t\t\t\t\t\t<div class=\"elementor-element elementor-element-b507a88 elementor-position-top elementor-widget elementor-widget-image-box\" data-id=\"b507a88\" data-element_type=\"widget\" data-widget_type=\"image-box.default\">\n\t\t\t\t<div class=\"elementor-widget-container\">\n\t\t\t\t\t<div class=\"elementor-image-box-wrapper\"><figure class=\"elementor-image-box-img\"><a href=\"https:\/\/bbmagency.fr\/en\/strategie-seo\/\" tabindex=\"-1\"><img decoding=\"async\" width=\"1600\" height=\"1067\" src=\"https:\/\/bbmagency.fr\/wp-content\/uploads\/2024\/08\/Beat-Boost-Media-Agency-16.png\" class=\"attachment-full size-full wp-image-1332\" alt=\"\" srcset=\"https:\/\/bbmagency.fr\/wp-content\/uploads\/2024\/08\/Beat-Boost-Media-Agency-16.png 1600w, https:\/\/bbmagency.fr\/wp-content\/uploads\/2024\/08\/Beat-Boost-Media-Agency-16-300x200.png 300w, https:\/\/bbmagency.fr\/wp-content\/uploads\/2024\/08\/Beat-Boost-Media-Agency-16-1024x683.png 1024w, https:\/\/bbmagency.fr\/wp-content\/uploads\/2024\/08\/Beat-Boost-Media-Agency-16-768x512.png 768w, https:\/\/bbmagency.fr\/wp-content\/uploads\/2024\/08\/Beat-Boost-Media-Agency-16-1536x1024.png 1536w, https:\/\/bbmagency.fr\/wp-content\/uploads\/2024\/08\/Beat-Boost-Media-Agency-16-18x12.png 18w, https:\/\/bbmagency.fr\/wp-content\/uploads\/2024\/08\/Beat-Boost-Media-Agency-16-600x400.png 600w\" sizes=\"(max-width: 1600px) 100vw, 1600px\" \/><\/a><\/figure><div class=\"elementor-image-box-content\"><h6 class=\"elementor-image-box-title\"><a href=\"https:\/\/bbmagency.fr\/en\/strategie-seo\/\">Strat\u00e9gie SEO<\/a><\/h6><p class=\"elementor-image-box-description\">\u00c9laboration d\u2019un plan personnalis\u00e9 pour optimiser votre visibilit\u00e9 en ligne.<\/p><\/div><\/div>\t\t\t\t<\/div>\n\t\t\t\t<\/div>\n\t\t\t\t\t<\/div>\n\t\t<\/div>\n\t\t\t\t<div class=\"elementor-column elementor-col-33 elementor-inner-column elementor-element elementor-element-f8315c6\" data-id=\"f8315c6\" data-element_type=\"column\">\n\t\t\t<div class=\"elementor-widget-wrap elementor-element-populated\">\n\t\t\t\t\t\t<div class=\"elementor-element elementor-element-1d9a22a elementor-position-top elementor-widget elementor-widget-image-box\" data-id=\"1d9a22a\" data-element_type=\"widget\" data-widget_type=\"image-box.default\">\n\t\t\t\t<div class=\"elementor-widget-container\">\n\t\t\t\t\t<div class=\"elementor-image-box-wrapper\"><figure class=\"elementor-image-box-img\"><a href=\"https:\/\/bbmagency.fr\/en\/seo-onpage\/\" tabindex=\"-1\"><img decoding=\"async\" width=\"1600\" height=\"1067\" src=\"https:\/\/bbmagency.fr\/wp-content\/uploads\/2024\/08\/Beat-Boost-Media-Agency-8.png\" class=\"attachment-full size-full wp-image-1324\" alt=\"\" srcset=\"https:\/\/bbmagency.fr\/wp-content\/uploads\/2024\/08\/Beat-Boost-Media-Agency-8.png 1600w, https:\/\/bbmagency.fr\/wp-content\/uploads\/2024\/08\/Beat-Boost-Media-Agency-8-300x200.png 300w, https:\/\/bbmagency.fr\/wp-content\/uploads\/2024\/08\/Beat-Boost-Media-Agency-8-1024x683.png 1024w, https:\/\/bbmagency.fr\/wp-content\/uploads\/2024\/08\/Beat-Boost-Media-Agency-8-768x512.png 768w, https:\/\/bbmagency.fr\/wp-content\/uploads\/2024\/08\/Beat-Boost-Media-Agency-8-1536x1024.png 1536w, https:\/\/bbmagency.fr\/wp-content\/uploads\/2024\/08\/Beat-Boost-Media-Agency-8-18x12.png 18w, https:\/\/bbmagency.fr\/wp-content\/uploads\/2024\/08\/Beat-Boost-Media-Agency-8-600x400.png 600w\" sizes=\"(max-width: 1600px) 100vw, 1600px\" \/><\/a><\/figure><div class=\"elementor-image-box-content\"><h6 class=\"elementor-image-box-title\"><a href=\"https:\/\/bbmagency.fr\/en\/seo-onpage\/\">SEO On-Page<\/a><\/h6><p class=\"elementor-image-box-description\">Optimisation de vos pages web pour un meilleur classement et une exp\u00e9rience utilisateur fluide.<\/p><\/div><\/div>\t\t\t\t<\/div>\n\t\t\t\t<\/div>\n\t\t\t\t\t<\/div>\n\t\t<\/div>\n\t\t\t\t\t<\/div>\n\t\t<\/section>\n\t\t\t\t<section class=\"elementor-section elementor-inner-section elementor-element elementor-element-16fd14c elementor-section-boxed elementor-section-height-default elementor-section-height-default elementor-invisible\" data-id=\"16fd14c\" data-element_type=\"section\" data-settings=\"{&quot;animation&quot;:&quot;fadeInUp&quot;}\">\n\t\t\t\t\t\t<div class=\"elementor-container elementor-column-gap-no\">\n\t\t\t\t\t<div class=\"elementor-column elementor-col-33 elementor-inner-column elementor-element elementor-element-8afd5fe\" data-id=\"8afd5fe\" data-element_type=\"column\">\n\t\t\t<div class=\"elementor-widget-wrap elementor-element-populated\">\n\t\t\t\t\t\t<div class=\"elementor-element elementor-element-1ff4950 elementor-position-top elementor-widget elementor-widget-image-box\" data-id=\"1ff4950\" data-element_type=\"widget\" data-widget_type=\"image-box.default\">\n\t\t\t\t<div class=\"elementor-widget-container\">\n\t\t\t\t\t<div class=\"elementor-image-box-wrapper\"><figure class=\"elementor-image-box-img\"><a href=\"https:\/\/bbmagency.fr\/en\/seo-local\/\" tabindex=\"-1\"><img loading=\"lazy\" decoding=\"async\" width=\"1600\" height=\"1067\" src=\"https:\/\/bbmagency.fr\/wp-content\/uploads\/2024\/08\/Beat-Boost-Media-Agency-17.png\" class=\"attachment-full size-full wp-image-1374\" alt=\"\" srcset=\"https:\/\/bbmagency.fr\/wp-content\/uploads\/2024\/08\/Beat-Boost-Media-Agency-17.png 1600w, https:\/\/bbmagency.fr\/wp-content\/uploads\/2024\/08\/Beat-Boost-Media-Agency-17-300x200.png 300w, https:\/\/bbmagency.fr\/wp-content\/uploads\/2024\/08\/Beat-Boost-Media-Agency-17-1024x683.png 1024w, https:\/\/bbmagency.fr\/wp-content\/uploads\/2024\/08\/Beat-Boost-Media-Agency-17-768x512.png 768w, https:\/\/bbmagency.fr\/wp-content\/uploads\/2024\/08\/Beat-Boost-Media-Agency-17-1536x1024.png 1536w, https:\/\/bbmagency.fr\/wp-content\/uploads\/2024\/08\/Beat-Boost-Media-Agency-17-18x12.png 18w, https:\/\/bbmagency.fr\/wp-content\/uploads\/2024\/08\/Beat-Boost-Media-Agency-17-600x400.png 600w\" sizes=\"(max-width: 1600px) 100vw, 1600px\" \/><\/a><\/figure><div class=\"elementor-image-box-content\"><h6 class=\"elementor-image-box-title\"><a href=\"https:\/\/bbmagency.fr\/en\/seo-local\/\">SEO Local <\/a><\/h6><p class=\"elementor-image-box-description\">Ciblage des clients locaux pour booster votre pr\u00e9sence dans les recherches g\u00e9olocalis\u00e9es.<\/p><\/div><\/div>\t\t\t\t<\/div>\n\t\t\t\t<\/div>\n\t\t\t\t\t<\/div>\n\t\t<\/div>\n\t\t\t\t<div class=\"elementor-column elementor-col-33 elementor-inner-column elementor-element elementor-element-cb12e0b\" data-id=\"cb12e0b\" data-element_type=\"column\">\n\t\t\t<div class=\"elementor-widget-wrap\">\n\t\t\t\t\t\t\t<\/div>\n\t\t<\/div>\n\t\t\t\t<div class=\"elementor-column elementor-col-33 elementor-inner-column elementor-element elementor-element-c440660\" data-id=\"c440660\" data-element_type=\"column\">\n\t\t\t<div class=\"elementor-widget-wrap\">\n\t\t\t\t\t\t\t<\/div>\n\t\t<\/div>\n\t\t\t\t\t<\/div>\n\t\t<\/section>\n\t\t\t\t\t<\/div>\n\t\t<\/div>\n\t\t\t\t\t<\/div>\n\t\t<\/section>\n\t\t\t\t<\/div>","protected":false},"excerpt":{"rendered":"<p>Audit SEO Analyse compl\u00e8te pour d\u00e9tecter les points faibles de votre site et am\u00e9liorer votre SEO. Strat\u00e9gie SEO \u00c9laboration d\u2019un plan personnalis\u00e9 pour optimiser votre visibilit\u00e9 en ligne. SEO On-Page Optimisation de vos pages web pour un meilleur classement et une exp\u00e9rience utilisateur fluide. SEO Local Ciblage des clients locaux pour booster votre pr\u00e9sence dans [&hellip;]<\/p>","protected":false},"author":1,"featured_media":0,"parent":0,"menu_order":0,"comment_status":"closed","ping_status":"closed","template":"","meta":{"postBodyCss":"","postBodyMargin":[],"postBodyPadding":[],"postBodyBackground":{"backgroundType":"classic","gradient":""},"footnotes":""},"class_list":["post-520","page","type-page","status-publish","hentry"],"_links":{"self":[{"href":"https:\/\/bbmagency.fr\/en\/wp-json\/wp\/v2\/pages\/520","targetHints":{"allow":["GET"]}}],"collection":[{"href":"https:\/\/bbmagency.fr\/en\/wp-json\/wp\/v2\/pages"}],"about":[{"href":"https:\/\/bbmagency.fr\/en\/wp-json\/wp\/v2\/types\/page"}],"author":[{"embeddable":true,"href":"https:\/\/bbmagency.fr\/en\/wp-json\/wp\/v2\/users\/1"}],"replies":[{"embeddable":true,"href":"https:\/\/bbmagency.fr\/en\/wp-json\/wp\/v2\/comments?post=520"}],"version-history":[{"count":63,"href":"https:\/\/bbmagency.fr\/en\/wp-json\/wp\/v2\/pages\/520\/revisions"}],"predecessor-version":[{"id":2525,"href":"https:\/\/bbmagency.fr\/en\/wp-json\/wp\/v2\/pages\/520\/revisions\/2525"}],"wp:attachment":[{"href":"https:\/\/bbmagency.fr\/en\/wp-json\/wp\/v2\/media?parent=520"}],"curies":[{"name":"wp","href":"https:\/\/api.w.org\/{rel}","templated":true}]}}