{"id":512,"date":"2023-12-07T09:57:17","date_gmt":"2023-12-07T09:57:17","guid":{"rendered":"https:\/\/bbmagency.fr\/?page_id=512"},"modified":"2025-05-05T10:56:19","modified_gmt":"2025-05-05T10:56:19","slug":"ads","status":"publish","type":"page","link":"https:\/\/bbmagency.fr\/en\/ads\/","title":{"rendered":"Ads"},"content":{"rendered":"<div data-elementor-type=\"wp-page\" data-elementor-id=\"512\" class=\"elementor elementor-512\" data-elementor-post-type=\"page\">\n\t\t\t\t\t\t<section class=\"elementor-section elementor-top-section elementor-element elementor-element-92b586e elementor-section-content-middle elementor-section-boxed elementor-section-height-default elementor-section-height-default\" data-id=\"92b586e\" data-element_type=\"section\" data-settings=\"{&quot;background_background&quot;:&quot;classic&quot;}\">\n\t\t\t\t\t\t\t<div class=\"elementor-background-overlay\"><\/div>\n\t\t\t\t\t\t\t<div class=\"elementor-container elementor-column-gap-default\">\n\t\t\t\t\t<div class=\"elementor-column elementor-col-100 elementor-top-column elementor-element elementor-element-04e3222\" data-id=\"04e3222\" data-element_type=\"column\">\n\t\t\t<div class=\"elementor-widget-wrap elementor-element-populated\">\n\t\t\t\t\t\t\t<\/div>\n\t\t<\/div>\n\t\t\t\t\t<\/div>\n\t\t<\/section>\n\t\t\t\t<section class=\"elementor-section elementor-top-section elementor-element elementor-element-72b2262 elementor-section-boxed elementor-section-height-default elementor-section-height-default\" data-id=\"72b2262\" data-element_type=\"section\">\n\t\t\t\t\t\t<div class=\"elementor-container elementor-column-gap-default\">\n\t\t\t\t\t<div class=\"elementor-column elementor-col-100 elementor-top-column elementor-element elementor-element-698d756\" data-id=\"698d756\" data-element_type=\"column\">\n\t\t\t<div class=\"elementor-widget-wrap elementor-element-populated\">\n\t\t\t\t\t\t<section class=\"elementor-section elementor-inner-section elementor-element elementor-element-0bb71c0 elementor-section-boxed elementor-section-height-default elementor-section-height-default elementor-invisible\" data-id=\"0bb71c0\" data-element_type=\"section\" data-settings=\"{&quot;animation&quot;:&quot;fadeInUp&quot;}\">\n\t\t\t\t\t\t<div class=\"elementor-container elementor-column-gap-no\">\n\t\t\t\t\t<div class=\"elementor-column elementor-col-33 elementor-inner-column elementor-element elementor-element-9e6e352\" data-id=\"9e6e352\" data-element_type=\"column\">\n\t\t\t<div class=\"elementor-widget-wrap elementor-element-populated\">\n\t\t\t\t\t\t<div class=\"elementor-element elementor-element-957c530 elementor-position-top elementor-widget elementor-widget-image-box\" data-id=\"957c530\" data-element_type=\"widget\" data-widget_type=\"image-box.default\">\n\t\t\t\t<div class=\"elementor-widget-container\">\n\t\t\t\t\t<div class=\"elementor-image-box-wrapper\"><figure class=\"elementor-image-box-img\"><img fetchpriority=\"high\" decoding=\"async\" width=\"1600\" height=\"1067\" src=\"https:\/\/bbmagency.fr\/wp-content\/uploads\/2024\/08\/Beat-Boost-Media-Agency-6.png\" class=\"attachment-full size-full wp-image-1322\" alt=\"\" srcset=\"https:\/\/bbmagency.fr\/wp-content\/uploads\/2024\/08\/Beat-Boost-Media-Agency-6.png 1600w, https:\/\/bbmagency.fr\/wp-content\/uploads\/2024\/08\/Beat-Boost-Media-Agency-6-300x200.png 300w, https:\/\/bbmagency.fr\/wp-content\/uploads\/2024\/08\/Beat-Boost-Media-Agency-6-1024x683.png 1024w, https:\/\/bbmagency.fr\/wp-content\/uploads\/2024\/08\/Beat-Boost-Media-Agency-6-768x512.png 768w, https:\/\/bbmagency.fr\/wp-content\/uploads\/2024\/08\/Beat-Boost-Media-Agency-6-1536x1024.png 1536w, https:\/\/bbmagency.fr\/wp-content\/uploads\/2024\/08\/Beat-Boost-Media-Agency-6-18x12.png 18w, https:\/\/bbmagency.fr\/wp-content\/uploads\/2024\/08\/Beat-Boost-Media-Agency-6-600x400.png 600w\" sizes=\"(max-width: 1600px) 100vw, 1600px\" \/><\/figure><div class=\"elementor-image-box-content\"><h6 class=\"elementor-image-box-title\">Strat\u00e9gie cibl\u00e9e<\/h6><p class=\"elementor-image-box-description\">Les publicit\u00e9s en ligne permettent de cibler pr\u00e9cis\u00e9ment des audiences en fonction de crit\u00e8res comme l'\u00e2ge, le sexe, les centres d'int\u00e9r\u00eat et la localisation, maximisant ainsi la pertinence des campagnes.<\/p><\/div><\/div>\t\t\t\t<\/div>\n\t\t\t\t<\/div>\n\t\t\t\t\t<\/div>\n\t\t<\/div>\n\t\t\t\t<div class=\"elementor-column elementor-col-33 elementor-inner-column elementor-element elementor-element-20549b2\" data-id=\"20549b2\" data-element_type=\"column\">\n\t\t\t<div class=\"elementor-widget-wrap elementor-element-populated\">\n\t\t\t\t\t\t<div class=\"elementor-element elementor-element-ff3fc6c elementor-position-top elementor-widget elementor-widget-image-box\" data-id=\"ff3fc6c\" data-element_type=\"widget\" data-widget_type=\"image-box.default\">\n\t\t\t\t<div class=\"elementor-widget-container\">\n\t\t\t\t\t<div class=\"elementor-image-box-wrapper\"><figure class=\"elementor-image-box-img\"><img decoding=\"async\" width=\"1600\" height=\"1067\" src=\"https:\/\/bbmagency.fr\/wp-content\/uploads\/2023\/12\/qckxruozjrg.jpg\" class=\"attachment-full size-full wp-image-609\" alt=\"group of people using laptop computer\" srcset=\"https:\/\/bbmagency.fr\/wp-content\/uploads\/2023\/12\/qckxruozjrg.jpg 1600w, https:\/\/bbmagency.fr\/wp-content\/uploads\/2023\/12\/qckxruozjrg-300x200.jpg 300w, https:\/\/bbmagency.fr\/wp-content\/uploads\/2023\/12\/qckxruozjrg-1024x683.jpg 1024w, https:\/\/bbmagency.fr\/wp-content\/uploads\/2023\/12\/qckxruozjrg-768x512.jpg 768w, https:\/\/bbmagency.fr\/wp-content\/uploads\/2023\/12\/qckxruozjrg-1536x1024.jpg 1536w, https:\/\/bbmagency.fr\/wp-content\/uploads\/2023\/12\/qckxruozjrg-600x400.jpg 600w\" sizes=\"(max-width: 1600px) 100vw, 1600px\" \/><\/figure><div class=\"elementor-image-box-content\"><h6 class=\"elementor-image-box-title\">Optimisation du ROI<\/h6><p class=\"elementor-image-box-description\">Gr\u00e2ce \u00e0 l'analyse de donn\u00e9es en temps r\u00e9el, les campagnes ADS peuvent \u00eatre optimis\u00e9es en continu pour maximiser le retour sur investissement (ROI) en ajustant les ench\u00e8res, les cr\u00e9atives et les audiences.<\/p><\/div><\/div>\t\t\t\t<\/div>\n\t\t\t\t<\/div>\n\t\t\t\t\t<\/div>\n\t\t<\/div>\n\t\t\t\t<div class=\"elementor-column elementor-col-33 elementor-inner-column elementor-element elementor-element-8928b86\" data-id=\"8928b86\" data-element_type=\"column\">\n\t\t\t<div class=\"elementor-widget-wrap elementor-element-populated\">\n\t\t\t\t\t\t<div class=\"elementor-element elementor-element-d10735d elementor-position-top elementor-widget elementor-widget-image-box\" data-id=\"d10735d\" data-element_type=\"widget\" data-widget_type=\"image-box.default\">\n\t\t\t\t<div class=\"elementor-widget-container\">\n\t\t\t\t\t<div class=\"elementor-image-box-wrapper\"><figure class=\"elementor-image-box-img\"><img decoding=\"async\" width=\"1600\" height=\"1067\" src=\"https:\/\/bbmagency.fr\/wp-content\/uploads\/2024\/08\/Beat-Boost-Media-Agency-11.png\" class=\"attachment-full size-full wp-image-1327\" alt=\"\" srcset=\"https:\/\/bbmagency.fr\/wp-content\/uploads\/2024\/08\/Beat-Boost-Media-Agency-11.png 1600w, https:\/\/bbmagency.fr\/wp-content\/uploads\/2024\/08\/Beat-Boost-Media-Agency-11-300x200.png 300w, https:\/\/bbmagency.fr\/wp-content\/uploads\/2024\/08\/Beat-Boost-Media-Agency-11-1024x683.png 1024w, https:\/\/bbmagency.fr\/wp-content\/uploads\/2024\/08\/Beat-Boost-Media-Agency-11-768x512.png 768w, https:\/\/bbmagency.fr\/wp-content\/uploads\/2024\/08\/Beat-Boost-Media-Agency-11-1536x1024.png 1536w, https:\/\/bbmagency.fr\/wp-content\/uploads\/2024\/08\/Beat-Boost-Media-Agency-11-18x12.png 18w, https:\/\/bbmagency.fr\/wp-content\/uploads\/2024\/08\/Beat-Boost-Media-Agency-11-600x400.png 600w\" sizes=\"(max-width: 1600px) 100vw, 1600px\" \/><\/figure><div class=\"elementor-image-box-content\"><h6 class=\"elementor-image-box-title\">Visibilit\u00e9 rapide<\/h6><p class=\"elementor-image-box-description\">Les ADS offrent une visibilit\u00e9 instantan\u00e9e sur les moteurs de recherche, les r\u00e9seaux sociaux, et d'autres plateformes, permettant d'obtenir rapidement des r\u00e9sultats, comme l'augmentation du trafic ou des conversions.<\/p><\/div><\/div>\t\t\t\t<\/div>\n\t\t\t\t<\/div>\n\t\t\t\t\t<\/div>\n\t\t<\/div>\n\t\t\t\t\t<\/div>\n\t\t<\/section>\n\t\t\t\t<div class=\"elementor-element elementor-element-f0ebd65 elementor-align-center elementor-widget elementor-widget-button\" data-id=\"f0ebd65\" data-element_type=\"widget\" data-widget_type=\"button.default\">\n\t\t\t\t<div class=\"elementor-widget-container\">\n\t\t\t\t\t\t\t\t\t<div class=\"elementor-button-wrapper\">\n\t\t\t\t\t<a class=\"elementor-button elementor-button-link elementor-size-sm\" href=\"\/en\/nous-contacter\/\">\n\t\t\t\t\t\t<span class=\"elementor-button-content-wrapper\">\n\t\t\t\t\t\t<span class=\"elementor-button-icon\">\n\t\t\t\t<svg aria-hidden=\"true\" class=\"e-font-icon-svg e-far-check-circle\" viewbox=\"0 0 512 512\" xmlns=\"http:\/\/www.w3.org\/2000\/svg\"><path d=\"M256 8C119.033 8 8 119.033 8 256s111.033 248 248 248 248-111.033 248-248S392.967 8 256 8zm0 48c110.532 0 200 89.451 200 200 0 110.532-89.451 200-200 200-110.532 0-200-89.451-200-200 0-110.532 89.451-200 200-200m140.204 130.267l-22.536-22.718c-4.667-4.705-12.265-4.736-16.97-.068L215.346 303.697l-59.792-60.277c-4.667-4.705-12.265-4.736-16.97-.069l-22.719 22.536c-4.705 4.667-4.736 12.265-.068 16.971l90.781 91.516c4.667 4.705 12.265 4.736 16.97.068l172.589-171.204c4.704-4.668 4.734-12.266.067-16.971z\"><\/path><\/svg>\t\t\t<\/span>\n\t\t\t\t\t\t\t\t\t<span class=\"elementor-button-text\">Boostez Votre Visibilit\u00e9 Maintenant<\/span>\n\t\t\t\t\t<\/span>\n\t\t\t\t\t<\/a>\n\t\t\t\t<\/div>\n\t\t\t\t\t\t\t\t<\/div>\n\t\t\t\t<\/div>\n\t\t\t\t\t<\/div>\n\t\t<\/div>\n\t\t\t\t\t<\/div>\n\t\t<\/section>\n\t\t\t\t<\/div>","protected":false},"excerpt":{"rendered":"<p>Strat\u00e9gie cibl\u00e9e Les publicit\u00e9s en ligne permettent de cibler pr\u00e9cis\u00e9ment des audiences en fonction de crit\u00e8res comme l&rsquo;\u00e2ge, le sexe, les centres d&rsquo;int\u00e9r\u00eat et la localisation, maximisant ainsi la pertinence des campagnes. Optimisation du ROI Gr\u00e2ce \u00e0 l&rsquo;analyse de donn\u00e9es en temps r\u00e9el, les campagnes ADS peuvent \u00eatre optimis\u00e9es en continu pour maximiser le retour [&hellip;]<\/p>","protected":false},"author":1,"featured_media":0,"parent":0,"menu_order":0,"comment_status":"closed","ping_status":"closed","template":"","meta":{"postBodyCss":"","postBodyMargin":[],"postBodyPadding":[],"postBodyBackground":{"backgroundType":"classic","gradient":""},"footnotes":""},"class_list":["post-512","page","type-page","status-publish","hentry"],"_links":{"self":[{"href":"https:\/\/bbmagency.fr\/en\/wp-json\/wp\/v2\/pages\/512","targetHints":{"allow":["GET"]}}],"collection":[{"href":"https:\/\/bbmagency.fr\/en\/wp-json\/wp\/v2\/pages"}],"about":[{"href":"https:\/\/bbmagency.fr\/en\/wp-json\/wp\/v2\/types\/page"}],"author":[{"embeddable":true,"href":"https:\/\/bbmagency.fr\/en\/wp-json\/wp\/v2\/users\/1"}],"replies":[{"embeddable":true,"href":"https:\/\/bbmagency.fr\/en\/wp-json\/wp\/v2\/comments?post=512"}],"version-history":[{"count":80,"href":"https:\/\/bbmagency.fr\/en\/wp-json\/wp\/v2\/pages\/512\/revisions"}],"predecessor-version":[{"id":2463,"href":"https:\/\/bbmagency.fr\/en\/wp-json\/wp\/v2\/pages\/512\/revisions\/2463"}],"wp:attachment":[{"href":"https:\/\/bbmagency.fr\/en\/wp-json\/wp\/v2\/media?parent=512"}],"curies":[{"name":"wp","href":"https:\/\/api.w.org\/{rel}","templated":true}]}}