{"id":446,"date":"2023-12-07T09:34:08","date_gmt":"2023-12-07T09:34:08","guid":{"rendered":"https:\/\/bbmagency.fr\/?page_id=446"},"modified":"2025-05-05T11:52:17","modified_gmt":"2025-05-05T11:52:17","slug":"audit-seo","status":"publish","type":"page","link":"https:\/\/bbmagency.fr\/en\/audit-seo\/","title":{"rendered":"Audit SEO"},"content":{"rendered":"<div data-elementor-type=\"wp-page\" data-elementor-id=\"446\" class=\"elementor elementor-446\" data-elementor-post-type=\"page\">\n\t\t\t\t\t\t<section class=\"elementor-section elementor-top-section elementor-element elementor-element-d22fb0a elementor-section-content-middle elementor-section-boxed elementor-section-height-default elementor-section-height-default\" data-id=\"d22fb0a\" data-element_type=\"section\" data-settings=\"{&quot;background_background&quot;:&quot;classic&quot;}\">\n\t\t\t\t\t\t\t<div class=\"elementor-background-overlay\"><\/div>\n\t\t\t\t\t\t\t<div class=\"elementor-container elementor-column-gap-default\">\n\t\t\t\t\t<div class=\"elementor-column elementor-col-100 elementor-top-column elementor-element elementor-element-8aa5b68\" data-id=\"8aa5b68\" data-element_type=\"column\">\n\t\t\t<div class=\"elementor-widget-wrap elementor-element-populated\">\n\t\t\t\t\t\t\t<\/div>\n\t\t<\/div>\n\t\t\t\t\t<\/div>\n\t\t<\/section>\n\t\t\t\t<section class=\"elementor-section elementor-top-section elementor-element elementor-element-17a5d8b elementor-section-boxed elementor-section-height-default elementor-section-height-default\" data-id=\"17a5d8b\" data-element_type=\"section\">\n\t\t\t\t\t\t<div class=\"elementor-container elementor-column-gap-default\">\n\t\t\t\t\t<div class=\"elementor-column elementor-col-50 elementor-top-column elementor-element elementor-element-4ab2253\" data-id=\"4ab2253\" data-element_type=\"column\">\n\t\t\t<div class=\"elementor-widget-wrap elementor-element-populated\">\n\t\t\t\t\t\t<div class=\"elementor-element elementor-element-bbd425c elementor-invisible elementor-widget elementor-widget-heading\" data-id=\"bbd425c\" data-element_type=\"widget\" data-settings=\"{&quot;_animation&quot;:&quot;fadeInUp&quot;}\" data-widget_type=\"heading.default\">\n\t\t\t\t<div class=\"elementor-widget-container\">\n\t\t\t\t\t<h2 class=\"elementor-heading-title elementor-size-default\">Audit SEO : Optimisez Votre Visibilit\u00e9 avec Beat Boost Media Agency<\/h2>\t\t\t\t<\/div>\n\t\t\t\t<\/div>\n\t\t\t\t<div class=\"elementor-element elementor-element-5283334 elementor-invisible elementor-widget elementor-widget-text-editor\" data-id=\"5283334\" data-element_type=\"widget\" data-settings=\"{&quot;_animation&quot;:&quot;fadeInUp&quot;}\" data-widget_type=\"text-editor.default\">\n\t\t\t\t<div class=\"elementor-widget-container\">\n\t\t\t\t\t\t\t\t\t<p>Un <strong>audit SEO<\/strong> est la premi\u00e8re \u00e9tape essentielle pour am\u00e9liorer la visibilit\u00e9 de votre site web et booster votre classement dans les moteurs de recherche.\u00a0<\/p><p>Chez <strong>Beat Boost Media Agency<\/strong>, nous r\u00e9alisons des audits SEO approfondis pour identifier les points faibles de votre site et vous proposer des recommandations concr\u00e8tes pour maximiser vos performances en ligne.<\/p>\t\t\t\t\t\t\t\t<\/div>\n\t\t\t\t<\/div>\n\t\t\t\t<div class=\"elementor-element elementor-element-56e5fb6 elementor-align-left elementor-widget__width-auto elementor-invisible elementor-widget elementor-widget-button\" data-id=\"56e5fb6\" data-element_type=\"widget\" data-settings=\"{&quot;_animation&quot;:&quot;fadeInUp&quot;,&quot;_animation_delay&quot;:1080}\" data-widget_type=\"button.default\">\n\t\t\t\t<div class=\"elementor-widget-container\">\n\t\t\t\t\t\t\t\t\t<div class=\"elementor-button-wrapper\">\n\t\t\t\t\t<a class=\"elementor-button elementor-button-link elementor-size-xs\" href=\"https:\/\/bbmagency.fr\/en\/nous-contacter\/\">\n\t\t\t\t\t\t<span class=\"elementor-button-content-wrapper\">\n\t\t\t\t\t\t<span class=\"elementor-button-icon\">\n\t\t\t\t<svg aria-hidden=\"true\" class=\"e-font-icon-svg e-far-check-circle\" viewbox=\"0 0 512 512\" xmlns=\"http:\/\/www.w3.org\/2000\/svg\"><path d=\"M256 8C119.033 8 8 119.033 8 256s111.033 248 248 248 248-111.033 248-248S392.967 8 256 8zm0 48c110.532 0 200 89.451 200 200 0 110.532-89.451 200-200 200-110.532 0-200-89.451-200-200 0-110.532 89.451-200 200-200m140.204 130.267l-22.536-22.718c-4.667-4.705-12.265-4.736-16.97-.068L215.346 303.697l-59.792-60.277c-4.667-4.705-12.265-4.736-16.97-.069l-22.719 22.536c-4.705 4.667-4.736 12.265-.068 16.971l90.781 91.516c4.667 4.705 12.265 4.736 16.97.068l172.589-171.204c4.704-4.668 4.734-12.266.067-16.971z\"><\/path><\/svg>\t\t\t<\/span>\n\t\t\t\t\t\t\t\t\t<span class=\"elementor-button-text\">obtenir un audit gratuit<\/span>\n\t\t\t\t\t<\/span>\n\t\t\t\t\t<\/a>\n\t\t\t\t<\/div>\n\t\t\t\t\t\t\t\t<\/div>\n\t\t\t\t<\/div>\n\t\t\t\t\t<\/div>\n\t\t<\/div>\n\t\t\t\t<div class=\"elementor-column elementor-col-50 elementor-top-column elementor-element elementor-element-b77144d\" data-id=\"b77144d\" data-element_type=\"column\">\n\t\t\t<div class=\"elementor-widget-wrap elementor-element-populated\">\n\t\t\t\t\t\t<div class=\"elementor-element elementor-element-b13e0b7 elementor-invisible elementor-widget elementor-widget-image\" data-id=\"b13e0b7\" data-element_type=\"widget\" data-settings=\"{&quot;_animation&quot;:&quot;fadeIn&quot;}\" data-widget_type=\"image.default\">\n\t\t\t\t<div class=\"elementor-widget-container\">\n\t\t\t\t\t\t\t\t\t\t\t\t\t\t\t<img fetchpriority=\"high\" decoding=\"async\" width=\"1600\" height=\"1067\" src=\"https:\/\/bbmagency.fr\/wp-content\/uploads\/2023\/12\/hzgs56ze49s.jpg\" class=\"attachment-full size-full wp-image-652\" alt=\"person performing heart hand gesture\" srcset=\"https:\/\/bbmagency.fr\/wp-content\/uploads\/2023\/12\/hzgs56ze49s.jpg 1600w, https:\/\/bbmagency.fr\/wp-content\/uploads\/2023\/12\/hzgs56ze49s-300x200.jpg 300w, https:\/\/bbmagency.fr\/wp-content\/uploads\/2023\/12\/hzgs56ze49s-1024x683.jpg 1024w, https:\/\/bbmagency.fr\/wp-content\/uploads\/2023\/12\/hzgs56ze49s-768x512.jpg 768w, https:\/\/bbmagency.fr\/wp-content\/uploads\/2023\/12\/hzgs56ze49s-1536x1024.jpg 1536w, https:\/\/bbmagency.fr\/wp-content\/uploads\/2023\/12\/hzgs56ze49s-600x400.jpg 600w\" sizes=\"(max-width: 1600px) 100vw, 1600px\" \/>\t\t\t\t\t\t\t\t\t\t\t\t\t\t\t<\/div>\n\t\t\t\t<\/div>\n\t\t\t\t\t<\/div>\n\t\t<\/div>\n\t\t\t\t\t<\/div>\n\t\t<\/section>\n\t\t\t\t<section class=\"elementor-section elementor-top-section elementor-element elementor-element-4a1a3e2 elementor-section-boxed elementor-section-height-default elementor-section-height-default\" data-id=\"4a1a3e2\" data-element_type=\"section\" data-settings=\"{&quot;background_background&quot;:&quot;classic&quot;}\">\n\t\t\t\t\t\t\t<div class=\"elementor-background-overlay\"><\/div>\n\t\t\t\t\t\t\t<div class=\"elementor-container elementor-column-gap-default\">\n\t\t\t\t\t<div class=\"elementor-column elementor-col-50 elementor-top-column elementor-element elementor-element-b2f84e2\" data-id=\"b2f84e2\" data-element_type=\"column\">\n\t\t\t<div class=\"elementor-widget-wrap elementor-element-populated\">\n\t\t\t\t\t\t<div class=\"elementor-element elementor-element-02b46bf elementor-invisible elementor-widget elementor-widget-heading\" data-id=\"02b46bf\" data-element_type=\"widget\" data-settings=\"{&quot;_animation&quot;:&quot;fadeInUp&quot;}\" data-widget_type=\"heading.default\">\n\t\t\t\t<div class=\"elementor-widget-container\">\n\t\t\t\t\t<h2 class=\"elementor-heading-title elementor-size-default\">Pourquoi Faire un Audit SEO ?\n<\/h2>\t\t\t\t<\/div>\n\t\t\t\t<\/div>\n\t\t\t\t<div class=\"elementor-element elementor-element-3c8b611 elementor-invisible elementor-widget elementor-widget-heading\" data-id=\"3c8b611\" data-element_type=\"widget\" data-settings=\"{&quot;_animation&quot;:&quot;fadeInUp&quot;,&quot;_animation_delay&quot;:720}\" data-widget_type=\"heading.default\">\n\t\t\t\t<div class=\"elementor-widget-container\">\n\t\t\t\t\t<h2 class=\"elementor-heading-title elementor-size-default\">Que vous souhaitiez am\u00e9liorer votre SEO technique, on-page ou off-page, notre \u00e9quipe d'experts est l\u00e0 pour vous guider \u00e0 chaque \u00e9tape.\n<\/h2>\t\t\t\t<\/div>\n\t\t\t\t<\/div>\n\t\t\t\t<div class=\"elementor-element elementor-element-c3463df elementor-invisible elementor-widget elementor-widget-text-editor\" data-id=\"c3463df\" data-element_type=\"widget\" data-settings=\"{&quot;_animation&quot;:&quot;fadeInUp&quot;}\" data-widget_type=\"text-editor.default\">\n\t\t\t\t<div class=\"elementor-widget-container\">\n\t\t\t\t\t\t\t\t\t<p><strong>Identifier les Faiblesses de Votre Site<\/strong> : L&rsquo;audit SEO permet de d\u00e9tecter les probl\u00e8mes techniques, les failles de contenu, et les opportunit\u00e9s manqu\u00e9es qui nuisent \u00e0 votre classement.<\/p><p><strong style=\"font-style: inherit; color: var( --e-global-color-secondary ); background-color: var( --e-global-color-primary ); font-family: var( --e-global-typography-b2ce6af-font-family ), Sans-serif; letter-spacing: var( --e-global-typography-b2ce6af-letter-spacing ); word-spacing: var( --e-global-typography-b2ce6af-word-spacing );\">Optimiser Votre Strat\u00e9gie<\/strong><span style=\"font-style: inherit; font-weight: inherit; color: var( --e-global-color-secondary ); background-color: var( --e-global-color-primary ); font-family: var( --e-global-typography-b2ce6af-font-family ), Sans-serif; letter-spacing: var( --e-global-typography-b2ce6af-letter-spacing ); word-spacing: var( --e-global-typography-b2ce6af-word-spacing );\"> : Nous analysons vos performances actuelles et \u00e9laborons une feuille de route pour am\u00e9liorer votre positionnement dans les r\u00e9sultats de recherche.<\/span><\/p><p><strong style=\"font-style: inherit; color: var( --e-global-color-secondary ); background-color: var( --e-global-color-primary ); font-family: var( --e-global-typography-b2ce6af-font-family ), Sans-serif; letter-spacing: var( --e-global-typography-b2ce6af-letter-spacing ); word-spacing: var( --e-global-typography-b2ce6af-word-spacing );\">Maximiser Votre ROI<\/strong><span style=\"font-style: inherit; font-weight: inherit; color: var( --e-global-color-secondary ); background-color: var( --e-global-color-primary ); font-family: var( --e-global-typography-b2ce6af-font-family ), Sans-serif; letter-spacing: var( --e-global-typography-b2ce6af-letter-spacing ); word-spacing: var( --e-global-typography-b2ce6af-word-spacing );\"> : Un site optimis\u00e9 attire plus de visiteurs qualifi\u00e9s, augmentant ainsi votre retour sur investissement gr\u00e2ce \u00e0 un meilleur trafic organique.<\/span><\/p>\t\t\t\t\t\t\t\t<\/div>\n\t\t\t\t<\/div>\n\t\t\t\t\t<\/div>\n\t\t<\/div>\n\t\t\t\t<div class=\"elementor-column elementor-col-50 elementor-top-column elementor-element elementor-element-6afd1d2\" data-id=\"6afd1d2\" data-element_type=\"column\">\n\t\t\t<div class=\"elementor-widget-wrap elementor-element-populated\">\n\t\t\t\t\t\t<section class=\"elementor-section elementor-inner-section elementor-element elementor-element-8e28844 elementor-section-boxed elementor-section-height-default elementor-section-height-default elementor-invisible\" data-id=\"8e28844\" data-element_type=\"section\" data-settings=\"{&quot;animation&quot;:&quot;fadeInUp&quot;}\">\n\t\t\t\t\t\t<div class=\"elementor-container elementor-column-gap-default\">\n\t\t\t\t\t<div class=\"elementor-column elementor-col-50 elementor-inner-column elementor-element elementor-element-92c8bee\" data-id=\"92c8bee\" data-element_type=\"column\">\n\t\t\t<div class=\"elementor-widget-wrap elementor-element-populated\">\n\t\t\t\t\t\t<div class=\"elementor-element elementor-element-b303fb5 elementor-widget elementor-widget-counter\" data-id=\"b303fb5\" data-element_type=\"widget\" data-widget_type=\"counter.default\">\n\t\t\t\t<div class=\"elementor-widget-container\">\n\t\t\t\t\t\t\t<div class=\"elementor-counter\">\n\t\t\t<div class=\"elementor-counter-title\">du traffic provient de la recherche organique.<\/div>\t\t\t<div class=\"elementor-counter-number-wrapper\">\n\t\t\t\t<span class=\"elementor-counter-number-prefix\"><\/span>\n\t\t\t\t<span class=\"elementor-counter-number\" data-duration=\"2000\" data-to-value=\"53\" data-from-value=\"0\" data-delimiter=\",\">0<\/span>\n\t\t\t\t<span class=\"elementor-counter-number-suffix\">%<\/span>\n\t\t\t<\/div>\n\t\t<\/div>\n\t\t\t\t\t\t<\/div>\n\t\t\t\t<\/div>\n\t\t\t\t\t<\/div>\n\t\t<\/div>\n\t\t\t\t<div class=\"elementor-column elementor-col-50 elementor-inner-column elementor-element elementor-element-4faa6ed\" data-id=\"4faa6ed\" data-element_type=\"column\">\n\t\t\t<div class=\"elementor-widget-wrap elementor-element-populated\">\n\t\t\t\t\t\t<div class=\"elementor-element elementor-element-7729631 elementor-widget elementor-widget-counter\" data-id=\"7729631\" data-element_type=\"widget\" data-widget_type=\"counter.default\">\n\t\t\t\t<div class=\"elementor-widget-container\">\n\t\t\t\t\t\t\t<div class=\"elementor-counter\">\n\t\t\t<div class=\"elementor-counter-title\">des utilisateurs pr\u00e9f\u00e8rent les r\u00e9sultats organiques<\/div>\t\t\t<div class=\"elementor-counter-number-wrapper\">\n\t\t\t\t<span class=\"elementor-counter-number-prefix\"><\/span>\n\t\t\t\t<span class=\"elementor-counter-number\" data-duration=\"2000\" data-to-value=\"70\" data-from-value=\"0\" data-delimiter=\",\">0<\/span>\n\t\t\t\t<span class=\"elementor-counter-number-suffix\">%<\/span>\n\t\t\t<\/div>\n\t\t<\/div>\n\t\t\t\t\t\t<\/div>\n\t\t\t\t<\/div>\n\t\t\t\t\t<\/div>\n\t\t<\/div>\n\t\t\t\t\t<\/div>\n\t\t<\/section>\n\t\t\t\t<section class=\"elementor-section elementor-inner-section elementor-element elementor-element-88aa2b6 elementor-section-boxed elementor-section-height-default elementor-section-height-default elementor-invisible\" data-id=\"88aa2b6\" data-element_type=\"section\" data-settings=\"{&quot;animation&quot;:&quot;fadeInUp&quot;}\">\n\t\t\t\t\t\t<div class=\"elementor-container elementor-column-gap-default\">\n\t\t\t\t\t<div class=\"elementor-column elementor-col-50 elementor-inner-column elementor-element elementor-element-0dd7a5e\" data-id=\"0dd7a5e\" data-element_type=\"column\">\n\t\t\t<div class=\"elementor-widget-wrap\">\n\t\t\t\t\t\t\t<\/div>\n\t\t<\/div>\n\t\t\t\t<div class=\"elementor-column elementor-col-50 elementor-inner-column elementor-element elementor-element-b50f662\" data-id=\"b50f662\" data-element_type=\"column\">\n\t\t\t<div class=\"elementor-widget-wrap\">\n\t\t\t\t\t\t\t<\/div>\n\t\t<\/div>\n\t\t\t\t\t<\/div>\n\t\t<\/section>\n\t\t\t\t\t<\/div>\n\t\t<\/div>\n\t\t\t\t\t<\/div>\n\t\t<\/section>\n\t\t\t\t<section class=\"elementor-section elementor-top-section elementor-element elementor-element-55f5595 elementor-section-boxed elementor-section-height-default elementor-section-height-default\" data-id=\"55f5595\" data-element_type=\"section\">\n\t\t\t\t\t\t<div class=\"elementor-container elementor-column-gap-default\">\n\t\t\t\t\t<div class=\"elementor-column elementor-col-100 elementor-top-column elementor-element elementor-element-504c55f\" data-id=\"504c55f\" data-element_type=\"column\">\n\t\t\t<div class=\"elementor-widget-wrap elementor-element-populated\">\n\t\t\t\t\t\t<section class=\"elementor-section elementor-inner-section elementor-element elementor-element-61d13ec elementor-section-boxed elementor-section-height-default elementor-section-height-default\" data-id=\"61d13ec\" data-element_type=\"section\">\n\t\t\t\t\t\t<div class=\"elementor-container elementor-column-gap-default\">\n\t\t\t\t\t<div class=\"elementor-column elementor-col-100 elementor-inner-column elementor-element elementor-element-44543ce\" data-id=\"44543ce\" data-element_type=\"column\">\n\t\t\t<div class=\"elementor-widget-wrap elementor-element-populated\">\n\t\t\t\t\t\t<div class=\"elementor-element elementor-element-5ba554f elementor-invisible elementor-widget elementor-widget-heading\" data-id=\"5ba554f\" data-element_type=\"widget\" data-settings=\"{&quot;_animation&quot;:&quot;fadeInUp&quot;}\" data-widget_type=\"heading.default\">\n\t\t\t\t<div class=\"elementor-widget-container\">\n\t\t\t\t\t<h2 class=\"elementor-heading-title elementor-size-default\">Optimisation SEO\n<\/h2>\t\t\t\t<\/div>\n\t\t\t\t<\/div>\n\t\t\t\t<div class=\"elementor-element elementor-element-e406148 elementor-widget__width-initial elementor-widget elementor-widget-text-editor\" data-id=\"e406148\" data-element_type=\"widget\" data-widget_type=\"text-editor.default\">\n\t\t\t\t<div class=\"elementor-widget-container\">\n\t\t\t\t\t\t\t\t\t<p><strong>Le contenu optimis\u00e9 SEO<\/strong> a 4 fois plus de chances d\u2019\u00eatre cliqu\u00e9 que les publicit\u00e9s payantes.<br \/>Un audit permet d\u2019ajuster votre contenu pour mieux r\u00e9pondre aux intentions de recherche des utilisateurs.<\/p>\t\t\t\t\t\t\t\t<\/div>\n\t\t\t\t<\/div>\n\t\t\t\t\t<\/div>\n\t\t<\/div>\n\t\t\t\t\t<\/div>\n\t\t<\/section>\n\t\t\t\t<section class=\"elementor-section elementor-inner-section elementor-element elementor-element-2e8641e elementor-section-boxed elementor-section-height-default elementor-section-height-default elementor-invisible\" data-id=\"2e8641e\" data-element_type=\"section\" data-settings=\"{&quot;animation&quot;:&quot;fadeInUp&quot;}\">\n\t\t\t\t\t\t<div class=\"elementor-container elementor-column-gap-no\">\n\t\t\t\t\t<div class=\"elementor-column elementor-col-50 elementor-inner-column elementor-element elementor-element-4758822\" data-id=\"4758822\" data-element_type=\"column\">\n\t\t\t<div class=\"elementor-widget-wrap elementor-element-populated\">\n\t\t\t\t\t\t<div class=\"elementor-element elementor-element-5bf4166 elementor-position-top elementor-widget elementor-widget-image-box\" data-id=\"5bf4166\" data-element_type=\"widget\" data-widget_type=\"image-box.default\">\n\t\t\t\t<div class=\"elementor-widget-container\">\n\t\t\t\t\t<div class=\"elementor-image-box-wrapper\"><figure class=\"elementor-image-box-img\"><img decoding=\"async\" width=\"1200\" height=\"800\" src=\"https:\/\/bbmagency.fr\/wp-content\/uploads\/2024\/08\/Design-sans-tiftre.png\" class=\"attachment-full size-full wp-image-1126\" alt=\"\" srcset=\"https:\/\/bbmagency.fr\/wp-content\/uploads\/2024\/08\/Design-sans-tiftre.png 1200w, https:\/\/bbmagency.fr\/wp-content\/uploads\/2024\/08\/Design-sans-tiftre-300x200.png 300w, https:\/\/bbmagency.fr\/wp-content\/uploads\/2024\/08\/Design-sans-tiftre-1024x683.png 1024w, https:\/\/bbmagency.fr\/wp-content\/uploads\/2024\/08\/Design-sans-tiftre-768x512.png 768w, https:\/\/bbmagency.fr\/wp-content\/uploads\/2024\/08\/Design-sans-tiftre-18x12.png 18w, https:\/\/bbmagency.fr\/wp-content\/uploads\/2024\/08\/Design-sans-tiftre-600x400.png 600w\" sizes=\"(max-width: 1200px) 100vw, 1200px\" \/><\/figure><div class=\"elementor-image-box-content\"><h6 class=\"elementor-image-box-title\">Analyse Technique<\/h6><p class=\"elementor-image-box-description\">Nous passons en revue la structure technique de votre site pour identifier les probl\u00e8mes qui peuvent affecter son indexation et son accessibilit\u00e9 par les moteurs de recherche (vitesse, erreurs 404, etc.).<\/p><\/div><\/div>\t\t\t\t<\/div>\n\t\t\t\t<\/div>\n\t\t\t\t\t<\/div>\n\t\t<\/div>\n\t\t\t\t<div class=\"elementor-column elementor-col-50 elementor-inner-column elementor-element elementor-element-17132c1\" data-id=\"17132c1\" data-element_type=\"column\">\n\t\t\t<div class=\"elementor-widget-wrap elementor-element-populated\">\n\t\t\t\t\t\t<div class=\"elementor-element elementor-element-8360ef9 elementor-position-top elementor-widget elementor-widget-image-box\" data-id=\"8360ef9\" data-element_type=\"widget\" data-widget_type=\"image-box.default\">\n\t\t\t\t<div class=\"elementor-widget-container\">\n\t\t\t\t\t<div class=\"elementor-image-box-wrapper\"><figure class=\"elementor-image-box-img\"><img decoding=\"async\" width=\"1600\" height=\"1067\" src=\"https:\/\/bbmagency.fr\/wp-content\/uploads\/2024\/08\/Beat-Boost-Media-Agency-7.png\" class=\"attachment-full size-full wp-image-1323\" alt=\"\" srcset=\"https:\/\/bbmagency.fr\/wp-content\/uploads\/2024\/08\/Beat-Boost-Media-Agency-7.png 1600w, https:\/\/bbmagency.fr\/wp-content\/uploads\/2024\/08\/Beat-Boost-Media-Agency-7-300x200.png 300w, https:\/\/bbmagency.fr\/wp-content\/uploads\/2024\/08\/Beat-Boost-Media-Agency-7-1024x683.png 1024w, https:\/\/bbmagency.fr\/wp-content\/uploads\/2024\/08\/Beat-Boost-Media-Agency-7-768x512.png 768w, https:\/\/bbmagency.fr\/wp-content\/uploads\/2024\/08\/Beat-Boost-Media-Agency-7-1536x1024.png 1536w, https:\/\/bbmagency.fr\/wp-content\/uploads\/2024\/08\/Beat-Boost-Media-Agency-7-18x12.png 18w, https:\/\/bbmagency.fr\/wp-content\/uploads\/2024\/08\/Beat-Boost-Media-Agency-7-600x400.png 600w\" sizes=\"(max-width: 1600px) 100vw, 1600px\" \/><\/figure><div class=\"elementor-image-box-content\"><h6 class=\"elementor-image-box-title\">Optimisation On-Page<\/h6><p class=\"elementor-image-box-description\">Nous examinons votre contenu, vos balises, et la structure de vos pages pour nous assurer qu\u2019elles sont optimis\u00e9es pour les mots-cl\u00e9s pertinents et qu\u2019elles offrent une exp\u00e9rience utilisateur fluide.<\/p><\/div><\/div>\t\t\t\t<\/div>\n\t\t\t\t<\/div>\n\t\t\t\t\t<\/div>\n\t\t<\/div>\n\t\t\t\t\t<\/div>\n\t\t<\/section>\n\t\t\t\t\t<\/div>\n\t\t<\/div>\n\t\t\t\t\t<\/div>\n\t\t<\/section>\n\t\t\t\t<section class=\"elementor-section elementor-top-section elementor-element elementor-element-a1067ee elementor-section-boxed elementor-section-height-default elementor-section-height-default\" data-id=\"a1067ee\" data-element_type=\"section\" data-settings=\"{&quot;background_background&quot;:&quot;classic&quot;}\">\n\t\t\t\t\t\t\t<div class=\"elementor-background-overlay\"><\/div>\n\t\t\t\t\t\t\t<div class=\"elementor-container elementor-column-gap-default\">\n\t\t\t\t\t<div class=\"elementor-column elementor-col-100 elementor-top-column elementor-element elementor-element-8416101\" data-id=\"8416101\" data-element_type=\"column\">\n\t\t\t<div class=\"elementor-widget-wrap elementor-element-populated\">\n\t\t\t\t\t\t<section class=\"elementor-section elementor-inner-section elementor-element elementor-element-bee9c53 elementor-section-content-middle elementor-section-boxed elementor-section-height-default elementor-section-height-default\" data-id=\"bee9c53\" data-element_type=\"section\">\n\t\t\t\t\t\t<div class=\"elementor-container elementor-column-gap-default\">\n\t\t\t\t\t<div class=\"elementor-column elementor-col-100 elementor-inner-column elementor-element elementor-element-e00f9db\" data-id=\"e00f9db\" data-element_type=\"column\">\n\t\t\t<div class=\"elementor-widget-wrap elementor-element-populated\">\n\t\t\t\t\t\t<div class=\"elementor-element elementor-element-14955a9 elementor-invisible elementor-widget elementor-widget-heading\" data-id=\"14955a9\" data-element_type=\"widget\" data-settings=\"{&quot;_animation&quot;:&quot;fadeInUp&quot;}\" data-widget_type=\"heading.default\">\n\t\t\t\t<div class=\"elementor-widget-container\">\n\t\t\t\t\t<h2 class=\"elementor-heading-title elementor-size-default\">Boostez Votre Visibilit\u00e9 avec Beat Boost Media Agency<\/h2>\t\t\t\t<\/div>\n\t\t\t\t<\/div>\n\t\t\t\t<div class=\"elementor-element elementor-element-889fb4f elementor-invisible elementor-widget elementor-widget-text-editor\" data-id=\"889fb4f\" data-element_type=\"widget\" data-settings=\"{&quot;_animation&quot;:&quot;fadeInUp&quot;,&quot;_animation_delay&quot;:360}\" data-widget_type=\"text-editor.default\">\n\t\t\t\t<div class=\"elementor-widget-container\">\n\t\t\t\t\t\t\t\t\t<p>Prenez le contr\u00f4le de votre SEO en r\u00e9alisant un audit complet avec <strong>Beat Boost Media Agency<\/strong>. Contactez-nous d\u00e8s aujourd\u2019hui pour analyser les performances de votre site et d\u00e9couvrir comment am\u00e9liorer votre positionnement dans les r\u00e9sultats de recherche.<\/p>\t\t\t\t\t\t\t\t<\/div>\n\t\t\t\t<\/div>\n\t\t\t\t<div class=\"elementor-element elementor-element-81f4587 elementor-align-left elementor-widget__width-auto elementor-invisible elementor-widget elementor-widget-button\" data-id=\"81f4587\" data-element_type=\"widget\" data-settings=\"{&quot;_animation&quot;:&quot;fadeInUp&quot;,&quot;_animation_delay&quot;:1080}\" data-widget_type=\"button.default\">\n\t\t\t\t<div class=\"elementor-widget-container\">\n\t\t\t\t\t\t\t\t\t<div class=\"elementor-button-wrapper\">\n\t\t\t\t\t<a class=\"elementor-button elementor-button-link elementor-size-xs\" href=\"https:\/\/bbmagency.fr\/en\/nous-contacter\/\">\n\t\t\t\t\t\t<span class=\"elementor-button-content-wrapper\">\n\t\t\t\t\t\t<span class=\"elementor-button-icon\">\n\t\t\t\t<svg aria-hidden=\"true\" class=\"e-font-icon-svg e-far-check-circle\" viewbox=\"0 0 512 512\" xmlns=\"http:\/\/www.w3.org\/2000\/svg\"><path d=\"M256 8C119.033 8 8 119.033 8 256s111.033 248 248 248 248-111.033 248-248S392.967 8 256 8zm0 48c110.532 0 200 89.451 200 200 0 110.532-89.451 200-200 200-110.532 0-200-89.451-200-200 0-110.532 89.451-200 200-200m140.204 130.267l-22.536-22.718c-4.667-4.705-12.265-4.736-16.97-.068L215.346 303.697l-59.792-60.277c-4.667-4.705-12.265-4.736-16.97-.069l-22.719 22.536c-4.705 4.667-4.736 12.265-.068 16.971l90.781 91.516c4.667 4.705 12.265 4.736 16.97.068l172.589-171.204c4.704-4.668 4.734-12.266.067-16.971z\"><\/path><\/svg>\t\t\t<\/span>\n\t\t\t\t\t\t\t\t\t<span class=\"elementor-button-text\">Obtenir mon audit seo<\/span>\n\t\t\t\t\t<\/span>\n\t\t\t\t\t<\/a>\n\t\t\t\t<\/div>\n\t\t\t\t\t\t\t\t<\/div>\n\t\t\t\t<\/div>\n\t\t\t\t\t<\/div>\n\t\t<\/div>\n\t\t\t\t\t<\/div>\n\t\t<\/section>\n\t\t\t\t\t<\/div>\n\t\t<\/div>\n\t\t\t\t\t<\/div>\n\t\t<\/section>\n\t\t\t\t<\/div>","protected":false},"excerpt":{"rendered":"<p>Audit SEO : Optimisez Votre Visibilit\u00e9 avec Beat Boost Media Agency Un audit SEO est la premi\u00e8re \u00e9tape essentielle pour am\u00e9liorer la visibilit\u00e9 de votre site web et booster votre classement dans les moteurs de recherche.\u00a0 Chez Beat Boost Media Agency, nous r\u00e9alisons des audits SEO approfondis pour identifier les points faibles de votre site [&hellip;]<\/p>","protected":false},"author":1,"featured_media":0,"parent":0,"menu_order":0,"comment_status":"closed","ping_status":"closed","template":"","meta":{"postBodyCss":"","postBodyMargin":[],"postBodyPadding":[],"postBodyBackground":{"backgroundType":"classic","gradient":""},"footnotes":""},"class_list":["post-446","page","type-page","status-publish","hentry"],"_links":{"self":[{"href":"https:\/\/bbmagency.fr\/en\/wp-json\/wp\/v2\/pages\/446","targetHints":{"allow":["GET"]}}],"collection":[{"href":"https:\/\/bbmagency.fr\/en\/wp-json\/wp\/v2\/pages"}],"about":[{"href":"https:\/\/bbmagency.fr\/en\/wp-json\/wp\/v2\/types\/page"}],"author":[{"embeddable":true,"href":"https:\/\/bbmagency.fr\/en\/wp-json\/wp\/v2\/users\/1"}],"replies":[{"embeddable":true,"href":"https:\/\/bbmagency.fr\/en\/wp-json\/wp\/v2\/comments?post=446"}],"version-history":[{"count":65,"href":"https:\/\/bbmagency.fr\/en\/wp-json\/wp\/v2\/pages\/446\/revisions"}],"predecessor-version":[{"id":2476,"href":"https:\/\/bbmagency.fr\/en\/wp-json\/wp\/v2\/pages\/446\/revisions\/2476"}],"wp:attachment":[{"href":"https:\/\/bbmagency.fr\/en\/wp-json\/wp\/v2\/media?parent=446"}],"curies":[{"name":"wp","href":"https:\/\/api.w.org\/{rel}","templated":true}]}}