{"id":315,"date":"2023-12-07T07:45:56","date_gmt":"2023-12-07T07:45:56","guid":{"rendered":"https:\/\/bbmagency.fr\/?page_id=315"},"modified":"2025-05-05T10:46:55","modified_gmt":"2025-05-05T10:46:55","slug":"a-propos","status":"publish","type":"page","link":"https:\/\/bbmagency.fr\/en\/a-propos\/","title":{"rendered":"\u00c0 propos"},"content":{"rendered":"<div data-elementor-type=\"wp-page\" data-elementor-id=\"315\" class=\"elementor elementor-315\" data-elementor-post-type=\"page\">\n\t\t\t\t\t\t<section class=\"elementor-section elementor-top-section elementor-element elementor-element-1ed9200 elementor-section-content-middle elementor-section-boxed elementor-section-height-default elementor-section-height-default\" data-id=\"1ed9200\" data-element_type=\"section\" data-settings=\"{&quot;background_background&quot;:&quot;classic&quot;}\">\n\t\t\t\t\t\t\t<div class=\"elementor-background-overlay\"><\/div>\n\t\t\t\t\t\t\t<div class=\"elementor-container elementor-column-gap-default\">\n\t\t\t\t\t<div class=\"elementor-column elementor-col-100 elementor-top-column elementor-element elementor-element-f75c7ad\" data-id=\"f75c7ad\" data-element_type=\"column\">\n\t\t\t<div class=\"elementor-widget-wrap elementor-element-populated\">\n\t\t\t\t\t\t\t<\/div>\n\t\t<\/div>\n\t\t\t\t\t<\/div>\n\t\t<\/section>\n\t\t\t\t<section class=\"elementor-section elementor-top-section elementor-element elementor-element-dfa9cef elementor-section-boxed elementor-section-height-default elementor-section-height-default\" data-id=\"dfa9cef\" data-element_type=\"section\">\n\t\t\t\t\t\t<div class=\"elementor-container elementor-column-gap-default\">\n\t\t\t\t\t<div class=\"elementor-column elementor-col-50 elementor-top-column elementor-element elementor-element-cf46da7\" data-id=\"cf46da7\" data-element_type=\"column\">\n\t\t\t<div class=\"elementor-widget-wrap elementor-element-populated\">\n\t\t\t\t\t\t<div class=\"elementor-element elementor-element-7a9032d elementor-invisible elementor-widget elementor-widget-heading\" data-id=\"7a9032d\" data-element_type=\"widget\" data-settings=\"{&quot;_animation&quot;:&quot;fadeInUp&quot;}\" data-widget_type=\"heading.default\">\n\t\t\t\t<div class=\"elementor-widget-container\">\n\t\t\t\t\t<h2 class=\"elementor-heading-title elementor-size-default\">Beat Boost Media Agency : L'Odyss\u00e9e Digitale du CEO<\/h2>\t\t\t\t<\/div>\n\t\t\t\t<\/div>\n\t\t\t\t<div class=\"elementor-element elementor-element-0723bb6 elementor-invisible elementor-widget elementor-widget-text-editor\" data-id=\"0723bb6\" data-element_type=\"widget\" data-settings=\"{&quot;_animation&quot;:&quot;fadeInUp&quot;}\" data-widget_type=\"text-editor.default\">\n\t\t\t\t<div class=\"elementor-widget-container\">\n\t\t\t\t\t\t\t\t\t<p>Dans le berceau du num\u00e9rique, en 1994 naquit une \u00e2me,<br \/>Berc\u00e9e par les lueurs d\u2019\u00e9crans et de jeux.<br \/>De pixels en photons, son c\u0153ur s\u2019embrasa,<br \/>Pour capturer l\u2019instant, chaque \u00e9motion, chaque \u00e9clat.<\/p><p>Un Lumix G7 en main, puis un Canon M50 en poche,<br \/>J&rsquo;immortalise la vie, un regard qui d\u00e9croche.<br \/>Photos, vid\u00e9os, les r\u00e9cits prennent forme,<br \/>Sous mon \u0153il cr\u00e9ateur, le banale devient norme.<\/p>\t\t\t\t\t\t\t\t<\/div>\n\t\t\t\t<\/div>\n\t\t\t\t\t<\/div>\n\t\t<\/div>\n\t\t\t\t<div class=\"elementor-column elementor-col-50 elementor-top-column elementor-element elementor-element-2c872fb\" data-id=\"2c872fb\" data-element_type=\"column\">\n\t\t\t<div class=\"elementor-widget-wrap elementor-element-populated\">\n\t\t\t\t\t\t<div class=\"elementor-element elementor-element-6dce7cd elementor-invisible elementor-widget elementor-widget-image\" data-id=\"6dce7cd\" data-element_type=\"widget\" data-settings=\"{&quot;_animation&quot;:&quot;fadeIn&quot;}\" data-widget_type=\"image.default\">\n\t\t\t\t<div class=\"elementor-widget-container\">\n\t\t\t\t\t\t\t\t\t\t\t\t\t\t\t<img fetchpriority=\"high\" decoding=\"async\" width=\"1600\" height=\"1067\" src=\"https:\/\/bbmagency.fr\/wp-content\/uploads\/2023\/12\/uivmibb3ju.jpg\" class=\"attachment-full size-full wp-image-1007\" alt=\"two hands\" srcset=\"https:\/\/bbmagency.fr\/wp-content\/uploads\/2023\/12\/uivmibb3ju.jpg 1600w, https:\/\/bbmagency.fr\/wp-content\/uploads\/2023\/12\/uivmibb3ju-300x200.jpg 300w, https:\/\/bbmagency.fr\/wp-content\/uploads\/2023\/12\/uivmibb3ju-1024x683.jpg 1024w, https:\/\/bbmagency.fr\/wp-content\/uploads\/2023\/12\/uivmibb3ju-768x512.jpg 768w, https:\/\/bbmagency.fr\/wp-content\/uploads\/2023\/12\/uivmibb3ju-1536x1024.jpg 1536w, https:\/\/bbmagency.fr\/wp-content\/uploads\/2023\/12\/uivmibb3ju-600x400.jpg 600w\" sizes=\"(max-width: 1600px) 100vw, 1600px\" \/>\t\t\t\t\t\t\t\t\t\t\t\t\t\t\t<\/div>\n\t\t\t\t<\/div>\n\t\t\t\t\t<\/div>\n\t\t<\/div>\n\t\t\t\t\t<\/div>\n\t\t<\/section>\n\t\t\t\t<section class=\"elementor-section elementor-top-section elementor-element elementor-element-b1e522d elementor-section-boxed elementor-section-height-default elementor-section-height-default\" data-id=\"b1e522d\" data-element_type=\"section\" data-settings=\"{&quot;background_background&quot;:&quot;classic&quot;}\">\n\t\t\t\t\t\t\t<div class=\"elementor-background-overlay\"><\/div>\n\t\t\t\t\t\t\t<div class=\"elementor-container elementor-column-gap-default\">\n\t\t\t\t\t<div class=\"elementor-column elementor-col-100 elementor-top-column elementor-element elementor-element-d1b4ffb\" data-id=\"d1b4ffb\" data-element_type=\"column\">\n\t\t\t<div class=\"elementor-widget-wrap elementor-element-populated\">\n\t\t\t\t\t\t<div class=\"elementor-element elementor-element-f552132 elementor-invisible elementor-widget elementor-widget-heading\" data-id=\"f552132\" data-element_type=\"widget\" data-settings=\"{&quot;_animation&quot;:&quot;fadeInUp&quot;}\" data-widget_type=\"heading.default\">\n\t\t\t\t<div class=\"elementor-widget-container\">\n\t\t\t\t\t<h2 class=\"elementor-heading-title elementor-size-default\">Vos projets, la priorit\u00e9<\/h2>\t\t\t\t<\/div>\n\t\t\t\t<\/div>\n\t\t\t\t<div class=\"elementor-element elementor-element-6894f29 elementor-widget__width-initial elementor-invisible elementor-widget elementor-widget-text-editor\" data-id=\"6894f29\" data-element_type=\"widget\" data-settings=\"{&quot;_animation&quot;:&quot;fadeInUp&quot;}\" data-widget_type=\"text-editor.default\">\n\t\t\t\t<div class=\"elementor-widget-container\">\n\t\t\t\t\t\t\t\t\t<p>Mais bien au-del\u00e0 des images fig\u00e9es,<br \/>Je per\u00e7ois le client, le consommateur engag\u00e9.<br \/>Comment toucher l\u2019\u00e2me derri\u00e8re l\u2019\u00e9cran froid ?<br \/>Comment transformer le clic en un \u00e9lan de foi ?<\/p>\t\t\t\t\t\t\t\t<\/div>\n\t\t\t\t<\/div>\n\t\t\t\t<div class=\"elementor-element elementor-element-6a74d1e elementor-widget-divider--view-line elementor-invisible elementor-widget elementor-widget-divider\" data-id=\"6a74d1e\" data-element_type=\"widget\" data-settings=\"{&quot;_animation&quot;:&quot;fadeInUp&quot;}\" data-widget_type=\"divider.default\">\n\t\t\t\t<div class=\"elementor-widget-container\">\n\t\t\t\t\t\t\t<div class=\"elementor-divider\">\n\t\t\t<span class=\"elementor-divider-separator\">\n\t\t\t\t\t\t<\/span>\n\t\t<\/div>\n\t\t\t\t\t\t<\/div>\n\t\t\t\t<\/div>\n\t\t\t\t<section class=\"elementor-section elementor-inner-section elementor-element elementor-element-c78f0d8 elementor-section-boxed elementor-section-height-default elementor-section-height-default elementor-invisible\" data-id=\"c78f0d8\" data-element_type=\"section\" data-settings=\"{&quot;animation&quot;:&quot;fadeInUp&quot;}\">\n\t\t\t\t\t\t<div class=\"elementor-container elementor-column-gap-default\">\n\t\t\t\t\t<div class=\"elementor-column elementor-col-33 elementor-inner-column elementor-element elementor-element-8b8d504\" data-id=\"8b8d504\" data-element_type=\"column\">\n\t\t\t<div class=\"elementor-widget-wrap elementor-element-populated\">\n\t\t\t\t\t\t<div class=\"elementor-element elementor-element-bec21de elementor-widget elementor-widget-elementskit-heading\" data-id=\"bec21de\" data-element_type=\"widget\" data-widget_type=\"elementskit-heading.default\">\n\t\t\t\t<div class=\"elementor-widget-container\">\n\t\t\t\t\t<div class=\"ekit-wid-con\" ><div class=\"ekit-heading elementskit-section-title-wraper text_center   ekit_heading_tablet-   ekit_heading_mobile-text_left\">\t\t\t\t<div class='ekit-heading__description'>\n\t\t\t\t\t<p>Le marketing devient mon terrain de jeu,<br \/>J'apprends les rouages, les ficelles peu \u00e0 peu.<br \/>E-commerce, r\u00e9seaux sociaux, j'en fais mon art,<br \/>Cr\u00e9ant des tunnels d\u2019acquisition comme autant de d\u00e9parts.<\/p>\n\t\t\t\t<\/div>\n\t\t\t<\/div><\/div>\t\t\t\t<\/div>\n\t\t\t\t<\/div>\n\t\t\t\t\t<\/div>\n\t\t<\/div>\n\t\t\t\t<div class=\"elementor-column elementor-col-33 elementor-inner-column elementor-element elementor-element-27efa02\" data-id=\"27efa02\" data-element_type=\"column\">\n\t\t\t<div class=\"elementor-widget-wrap elementor-element-populated\">\n\t\t\t\t\t\t<div class=\"elementor-element elementor-element-4ef943a elementor-widget elementor-widget-elementskit-heading\" data-id=\"4ef943a\" data-element_type=\"widget\" data-widget_type=\"elementskit-heading.default\">\n\t\t\t\t<div class=\"elementor-widget-container\">\n\t\t\t\t\t<div class=\"ekit-wid-con\" ><div class=\"ekit-heading elementskit-section-title-wraper text_center   ekit_heading_tablet-   ekit_heading_mobile-text_left\">\t\t\t\t<div class='ekit-heading__description'>\n\t\t\t\t\t<p>De cette passion na\u00eet Beat Boost Media Agency,<br \/>Une symphonie digitale, un rythme effr\u00e9n\u00e9.<br \/>En maestro, j'orchestre les marques,<br \/>Je fais vibrer leur branding, en notes qui marquent.<\/p>\n\t\t\t\t<\/div>\n\t\t\t<\/div><\/div>\t\t\t\t<\/div>\n\t\t\t\t<\/div>\n\t\t\t\t\t<\/div>\n\t\t<\/div>\n\t\t\t\t<div class=\"elementor-column elementor-col-33 elementor-inner-column elementor-element elementor-element-6776fe1\" data-id=\"6776fe1\" data-element_type=\"column\">\n\t\t\t<div class=\"elementor-widget-wrap elementor-element-populated\">\n\t\t\t\t\t\t<div class=\"elementor-element elementor-element-2dbf760 elementor-widget elementor-widget-elementskit-heading\" data-id=\"2dbf760\" data-element_type=\"widget\" data-widget_type=\"elementskit-heading.default\">\n\t\t\t\t<div class=\"elementor-widget-container\">\n\t\t\t\t\t<div class=\"ekit-wid-con\" ><div class=\"ekit-heading elementskit-section-title-wraper text_center   ekit_heading_tablet-   ekit_heading_mobile-text_left\">\t\t\t\t<div class='ekit-heading__description'>\n\t\t\t\t\t<p>Boostant le chiffre d\u2019affaires, de mes doigts virtuoses,<br \/>Je cr\u00e9e des mouvements, des rythmes, des pauses.<br \/>Chaque entreprise, sous ma houlette, grandit,<br \/>Car je sais que dans le digital, tout n\u2019est que symphonie.<\/p>\n\t\t\t\t<\/div>\n\t\t\t<\/div><\/div>\t\t\t\t<\/div>\n\t\t\t\t<\/div>\n\t\t\t\t\t<\/div>\n\t\t<\/div>\n\t\t\t\t\t<\/div>\n\t\t<\/section>\n\t\t\t\t<div class=\"elementor-element elementor-element-d28868e elementor-widget elementor-widget-heading\" data-id=\"d28868e\" data-element_type=\"widget\" data-widget_type=\"heading.default\">\n\t\t\t\t<div class=\"elementor-widget-container\">\n\t\t\t\t\t<h2 class=\"elementor-heading-title elementor-size-default\">Ainsi, en chef d\u2019orchestre du web,<br>Je vous invite \u00e0 danser, \u00e0 suivre votre r\u00eave.<br>Avec Beat Boost, laissez-vous emporter,<br>Dans une danse digitale, vers la prosp\u00e9rit\u00e9.<\/h2>\t\t\t\t<\/div>\n\t\t\t\t<\/div>\n\t\t\t\t\t<\/div>\n\t\t<\/div>\n\t\t\t\t\t<\/div>\n\t\t<\/section>\n\t\t\t\t<\/div>","protected":false},"excerpt":{"rendered":"<p>Beat Boost Media Agency : L&rsquo;Odyss\u00e9e Digitale du CEO Dans le berceau du num\u00e9rique, en 1994 naquit une \u00e2me,Berc\u00e9e par les lueurs d\u2019\u00e9crans et de jeux.De pixels en photons, son c\u0153ur s\u2019embrasa,Pour capturer l\u2019instant, chaque \u00e9motion, chaque \u00e9clat. Un Lumix G7 en main, puis un Canon M50 en poche,J&rsquo;immortalise la vie, un regard qui d\u00e9croche.Photos, [&hellip;]<\/p>","protected":false},"author":1,"featured_media":0,"parent":0,"menu_order":0,"comment_status":"closed","ping_status":"closed","template":"","meta":{"postBodyCss":"","postBodyMargin":[],"postBodyPadding":[],"postBodyBackground":{"backgroundType":"classic","gradient":""},"footnotes":""},"class_list":["post-315","page","type-page","status-publish","hentry"],"_links":{"self":[{"href":"https:\/\/bbmagency.fr\/en\/wp-json\/wp\/v2\/pages\/315","targetHints":{"allow":["GET"]}}],"collection":[{"href":"https:\/\/bbmagency.fr\/en\/wp-json\/wp\/v2\/pages"}],"about":[{"href":"https:\/\/bbmagency.fr\/en\/wp-json\/wp\/v2\/types\/page"}],"author":[{"embeddable":true,"href":"https:\/\/bbmagency.fr\/en\/wp-json\/wp\/v2\/users\/1"}],"replies":[{"embeddable":true,"href":"https:\/\/bbmagency.fr\/en\/wp-json\/wp\/v2\/comments?post=315"}],"version-history":[{"count":93,"href":"https:\/\/bbmagency.fr\/en\/wp-json\/wp\/v2\/pages\/315\/revisions"}],"predecessor-version":[{"id":2456,"href":"https:\/\/bbmagency.fr\/en\/wp-json\/wp\/v2\/pages\/315\/revisions\/2456"}],"wp:attachment":[{"href":"https:\/\/bbmagency.fr\/en\/wp-json\/wp\/v2\/media?parent=315"}],"curies":[{"name":"wp","href":"https:\/\/api.w.org\/{rel}","templated":true}]}}