{"id":2004,"date":"2024-10-05T10:38:31","date_gmt":"2024-10-05T10:38:31","guid":{"rendered":"https:\/\/bbmagency.fr\/?page_id=2004"},"modified":"2025-05-08T14:29:59","modified_gmt":"2025-05-08T14:29:59","slug":"protection-du-systeme-dinformation","status":"publish","type":"page","link":"https:\/\/bbmagency.fr\/en\/protection-du-systeme-dinformation\/","title":{"rendered":"Protection du syst\u00e8me d&rsquo;information"},"content":{"rendered":"<div data-elementor-type=\"wp-page\" data-elementor-id=\"2004\" class=\"elementor elementor-2004\" data-elementor-post-type=\"page\">\n\t\t\t\t\t\t<section class=\"elementor-section elementor-top-section elementor-element elementor-element-01543e6 elementor-section-content-middle elementor-section-boxed elementor-section-height-default elementor-section-height-default\" data-id=\"01543e6\" data-element_type=\"section\" data-settings=\"{&quot;background_background&quot;:&quot;classic&quot;}\">\n\t\t\t\t\t\t\t<div class=\"elementor-background-overlay\"><\/div>\n\t\t\t\t\t\t\t<div class=\"elementor-container elementor-column-gap-default\">\n\t\t\t\t\t<div class=\"elementor-column elementor-col-100 elementor-top-column elementor-element elementor-element-9bf915b\" data-id=\"9bf915b\" data-element_type=\"column\">\n\t\t\t<div class=\"elementor-widget-wrap elementor-element-populated\">\n\t\t\t\t\t\t<div class=\"elementor-element elementor-element-e1b384f elementor-invisible elementor-widget elementor-widget-heading\" data-id=\"e1b384f\" data-element_type=\"widget\" data-settings=\"{&quot;_animation&quot;:&quot;fadeIn&quot;}\" data-widget_type=\"heading.default\">\n\t\t\t\t<div class=\"elementor-widget-container\">\n\t\t\t\t\t<h1 class=\"elementor-heading-title elementor-size-default\">Audit du parc informatique<\/h1>\t\t\t\t<\/div>\n\t\t\t\t<\/div>\n\t\t\t\t\t<\/div>\n\t\t<\/div>\n\t\t\t\t\t<\/div>\n\t\t<\/section>\n\t\t<div class=\"elementor-element elementor-element-3002b26 e-flex e-con-boxed e-con e-parent\" data-id=\"3002b26\" data-element_type=\"container\">\n\t\t\t\t\t<div class=\"e-con-inner\">\n\t\t<div class=\"elementor-element elementor-element-17a904d e-con-full e-flex e-con e-child\" data-id=\"17a904d\" data-element_type=\"container\">\n\t\t\t\t<div class=\"elementor-element elementor-element-0d411fb elementor-widget elementor-widget-heading\" data-id=\"0d411fb\" data-element_type=\"widget\" data-widget_type=\"heading.default\">\n\t\t\t\t<div class=\"elementor-widget-container\">\n\t\t\t\t\t<h2 class=\"elementor-heading-title elementor-size-default\">Introduction \u00e0 la protection des syst\u00e8mes d'information<\/h2>\t\t\t\t<\/div>\n\t\t\t\t<\/div>\n\t\t\t\t<div class=\"elementor-element elementor-element-9e15723 elementor-widget elementor-widget-text-editor\" data-id=\"9e15723\" data-element_type=\"widget\" data-widget_type=\"text-editor.default\">\n\t\t\t\t<div class=\"elementor-widget-container\">\n\t\t\t\t\t\t\t\t\t<p>La protection de vos syst\u00e8mes d&rsquo;information est une priorit\u00e9 absolue \u00e0 l&rsquo;heure o\u00f9 les cyberattaques se multiplient. Votre entreprise repose sur des donn\u00e9es sensibles qui doivent \u00eatre prot\u00e9g\u00e9es \u00e0 tout prix. Nous mettons en place des solutions de s\u00e9curit\u00e9 robustes pour garantir la confidentialit\u00e9, l\u2019int\u00e9grit\u00e9 et la disponibilit\u00e9 de vos informations. Prot\u00e9gez vos syst\u00e8mes contre les menaces externes et internes gr\u00e2ce \u00e0 nos solutions sur mesure.<\/p>\t\t\t\t\t\t\t\t<\/div>\n\t\t\t\t<\/div>\n\t\t\t\t<div class=\"elementor-element elementor-element-1bb4315 elementor-widget elementor-widget-button\" data-id=\"1bb4315\" data-element_type=\"widget\" data-widget_type=\"button.default\">\n\t\t\t\t<div class=\"elementor-widget-container\">\n\t\t\t\t\t\t\t\t\t<div class=\"elementor-button-wrapper\">\n\t\t\t\t\t<a class=\"elementor-button elementor-button-link elementor-size-sm\" href=\"https:\/\/bbmagency.fr\/en\/nous-contacter\/\">\n\t\t\t\t\t\t<span class=\"elementor-button-content-wrapper\">\n\t\t\t\t\t\t\t\t\t<span class=\"elementor-button-text\">Contactez-nous<\/span>\n\t\t\t\t\t<\/span>\n\t\t\t\t\t<\/a>\n\t\t\t\t<\/div>\n\t\t\t\t\t\t\t\t<\/div>\n\t\t\t\t<\/div>\n\t\t\t\t<\/div>\n\t\t<div class=\"elementor-element elementor-element-957c396 e-con-full e-flex e-con e-child\" data-id=\"957c396\" data-element_type=\"container\">\n\t\t\t\t<div class=\"elementor-element elementor-element-e8595fa elementor-widget elementor-widget-image\" data-id=\"e8595fa\" data-element_type=\"widget\" data-widget_type=\"image.default\">\n\t\t\t\t<div class=\"elementor-widget-container\">\n\t\t\t\t\t\t\t\t\t\t\t\t\t\t\t<img fetchpriority=\"high\" decoding=\"async\" width=\"1024\" height=\"683\" src=\"https:\/\/bbmagency.fr\/wp-content\/uploads\/2024\/10\/businesspeople-are-their-business-trip-1024x683.jpg\" class=\"attachment-large size-large wp-image-2016\" alt=\"\" srcset=\"https:\/\/bbmagency.fr\/wp-content\/uploads\/2024\/10\/businesspeople-are-their-business-trip-1024x683.jpg 1024w, https:\/\/bbmagency.fr\/wp-content\/uploads\/2024\/10\/businesspeople-are-their-business-trip-300x200.jpg 300w, https:\/\/bbmagency.fr\/wp-content\/uploads\/2024\/10\/businesspeople-are-their-business-trip-768x512.jpg 768w, https:\/\/bbmagency.fr\/wp-content\/uploads\/2024\/10\/businesspeople-are-their-business-trip-1536x1024.jpg 1536w, https:\/\/bbmagency.fr\/wp-content\/uploads\/2024\/10\/businesspeople-are-their-business-trip-2048x1365.jpg 2048w, https:\/\/bbmagency.fr\/wp-content\/uploads\/2024\/10\/businesspeople-are-their-business-trip-18x12.jpg 18w, https:\/\/bbmagency.fr\/wp-content\/uploads\/2024\/10\/businesspeople-are-their-business-trip-600x400.jpg 600w\" sizes=\"(max-width: 1024px) 100vw, 1024px\" \/>\t\t\t\t\t\t\t\t\t\t\t\t\t\t\t<\/div>\n\t\t\t\t<\/div>\n\t\t\t\t<\/div>\n\t\t\t\t\t<\/div>\n\t\t\t\t<\/div>\n\t\t<div class=\"elementor-element elementor-element-b4cfb05 e-flex e-con-boxed e-con e-parent\" data-id=\"b4cfb05\" data-element_type=\"container\" data-settings=\"{&quot;background_background&quot;:&quot;classic&quot;}\">\n\t\t\t\t\t<div class=\"e-con-inner\">\n\t\t\t\t<div class=\"elementor-element elementor-element-39fdd75 elementor-widget elementor-widget-heading\" data-id=\"39fdd75\" data-element_type=\"widget\" data-widget_type=\"heading.default\">\n\t\t\t\t<div class=\"elementor-widget-container\">\n\t\t\t\t\t<h2 class=\"elementor-heading-title elementor-size-default\">Notre approche en protection des syst\u00e8mes d'information<\/h2>\t\t\t\t<\/div>\n\t\t\t\t<\/div>\n\t\t\t\t<div class=\"elementor-element elementor-element-92578ec elementor-widget elementor-widget-text-editor\" data-id=\"92578ec\" data-element_type=\"widget\" data-widget_type=\"text-editor.default\">\n\t\t\t\t<div class=\"elementor-widget-container\">\n\t\t\t\t\t\t\t\t\t<p>Notre m\u00e9thode est structur\u00e9e pour offrir une protection compl\u00e8te et continue de votre infrastructure informatique.<\/p>\t\t\t\t\t\t\t\t<\/div>\n\t\t\t\t<\/div>\n\t\t<div class=\"elementor-element elementor-element-20ae76f e-con-full e-flex e-con e-child\" data-id=\"20ae76f\" data-element_type=\"container\">\n\t\t<div class=\"elementor-element elementor-element-3ea1a43 e-con-full e-flex e-con e-child\" data-id=\"3ea1a43\" data-element_type=\"container\" data-settings=\"{&quot;background_background&quot;:&quot;classic&quot;}\">\n\t\t\t\t<div class=\"elementor-element elementor-element-a9dd9bf elementor-widget elementor-widget-heading\" data-id=\"a9dd9bf\" data-element_type=\"widget\" data-widget_type=\"heading.default\">\n\t\t\t\t<div class=\"elementor-widget-container\">\n\t\t\t\t\t<h5 class=\"elementor-heading-title elementor-size-default\">Analyse des risques <\/h5>\t\t\t\t<\/div>\n\t\t\t\t<\/div>\n\t\t\t\t<div class=\"elementor-element elementor-element-3cd611a elementor-widget elementor-widget-text-editor\" data-id=\"3cd611a\" data-element_type=\"widget\" data-widget_type=\"text-editor.default\">\n\t\t\t\t<div class=\"elementor-widget-container\">\n\t\t\t\t\t\t\t\t\t<p>Nous commen\u00e7ons par une \u00e9valuation approfondie de votre syst\u00e8me d&rsquo;information pour identifier les vuln\u00e9rabilit\u00e9s potentielles et les points \u00e0 am\u00e9liorer.<\/p>\t\t\t\t\t\t\t\t<\/div>\n\t\t\t\t<\/div>\n\t\t\t\t<\/div>\n\t\t<div class=\"elementor-element elementor-element-02dfebd e-con-full e-flex e-con e-child\" data-id=\"02dfebd\" data-element_type=\"container\" data-settings=\"{&quot;background_background&quot;:&quot;classic&quot;}\">\n\t\t\t\t<div class=\"elementor-element elementor-element-5f24a3c elementor-widget elementor-widget-heading\" data-id=\"5f24a3c\" data-element_type=\"widget\" data-widget_type=\"heading.default\">\n\t\t\t\t<div class=\"elementor-widget-container\">\n\t\t\t\t\t<h5 class=\"elementor-heading-title elementor-size-default\">Surveillance active<\/h5>\t\t\t\t<\/div>\n\t\t\t\t<\/div>\n\t\t\t\t<div class=\"elementor-element elementor-element-ab35357 elementor-widget elementor-widget-text-editor\" data-id=\"ab35357\" data-element_type=\"widget\" data-widget_type=\"text-editor.default\">\n\t\t\t\t<div class=\"elementor-widget-container\">\n\t\t\t\t\t\t\t\t\t<p>\u00a0Nous assurons une surveillance continue de vos syst\u00e8mes afin de d\u00e9tecter toute activit\u00e9 suspecte ou intrusion potentielle, et d\u2019intervenir avant que le probl\u00e8me ne s\u2019aggrave.<\/p>\t\t\t\t\t\t\t\t<\/div>\n\t\t\t\t<\/div>\n\t\t\t\t<\/div>\n\t\t<div class=\"elementor-element elementor-element-7e72aa8 e-con-full e-flex e-con e-child\" data-id=\"7e72aa8\" data-element_type=\"container\" data-settings=\"{&quot;background_background&quot;:&quot;classic&quot;}\">\n\t\t\t\t<div class=\"elementor-element elementor-element-1619164 elementor-widget elementor-widget-heading\" data-id=\"1619164\" data-element_type=\"widget\" data-widget_type=\"heading.default\">\n\t\t\t\t<div class=\"elementor-widget-container\">\n\t\t\t\t\t<h5 class=\"elementor-heading-title elementor-size-default\">Mises \u00e0 jour et correctifs<\/h5>\t\t\t\t<\/div>\n\t\t\t\t<\/div>\n\t\t\t\t<div class=\"elementor-element elementor-element-d4beb67 elementor-widget elementor-widget-text-editor\" data-id=\"d4beb67\" data-element_type=\"widget\" data-widget_type=\"text-editor.default\">\n\t\t\t\t<div class=\"elementor-widget-container\">\n\t\t\t\t\t\t\t\t\t<p>\u00a0Nous g\u00e9rons les mises \u00e0 jour de vos syst\u00e8mes de s\u00e9curit\u00e9 pour garantir qu\u2019ils soient toujours \u00e9quip\u00e9s des derni\u00e8res protections contre les nouvelles menaces.<\/p>\t\t\t\t\t\t\t\t<\/div>\n\t\t\t\t<\/div>\n\t\t\t\t<\/div>\n\t\t\t\t<\/div>\n\t\t\t\t\t<\/div>\n\t\t\t\t<\/div>\n\t\t<div class=\"elementor-element elementor-element-5636c2c e-flex e-con-boxed e-con e-parent\" data-id=\"5636c2c\" data-element_type=\"container\" data-settings=\"{&quot;background_background&quot;:&quot;classic&quot;}\">\n\t\t\t\t\t<div class=\"e-con-inner\">\n\t\t<div class=\"elementor-element elementor-element-4e2a630 e-con-full e-flex e-con e-child\" data-id=\"4e2a630\" data-element_type=\"container\" data-settings=\"{&quot;background_background&quot;:&quot;classic&quot;}\">\n\t\t\t\t<div class=\"elementor-element elementor-element-cabf0ba elementor-widget elementor-widget-heading\" data-id=\"cabf0ba\" data-element_type=\"widget\" data-widget_type=\"heading.default\">\n\t\t\t\t<div class=\"elementor-widget-container\">\n\t\t\t\t\t<h3 class=\"elementor-heading-title elementor-size-default\">Optimisez d\u00e8s aujourd'hui votre parc informatique !<\/h3>\t\t\t\t<\/div>\n\t\t\t\t<\/div>\n\t\t\t\t<div class=\"elementor-element elementor-element-0008350 elementor-widget__width-initial elementor-widget elementor-widget-text-editor\" data-id=\"0008350\" data-element_type=\"widget\" data-widget_type=\"text-editor.default\">\n\t\t\t\t<div class=\"elementor-widget-container\">\n\t\t\t\t\t\t\t\t\t<p>Ne laissez pas la gestion de vos \u00e9quipements informatiques freiner la croissance de votre entreprise. En nous confiant votre parc informatique, vous b\u00e9n\u00e9ficiez d&rsquo;une infrastructure performante, s\u00e9curis\u00e9e et toujours \u00e0 jour.<\/p>\t\t\t\t\t\t\t\t<\/div>\n\t\t\t\t<\/div>\n\t\t\t\t<div class=\"elementor-element elementor-element-48f0190 elementor-align-center elementor-widget elementor-widget-button\" data-id=\"48f0190\" data-element_type=\"widget\" data-widget_type=\"button.default\">\n\t\t\t\t<div class=\"elementor-widget-container\">\n\t\t\t\t\t\t\t\t\t<div class=\"elementor-button-wrapper\">\n\t\t\t\t\t<a class=\"elementor-button elementor-button-link elementor-size-sm\" href=\"https:\/\/bbmagency.fr\/en\/nous-contacter\/\">\n\t\t\t\t\t\t<span class=\"elementor-button-content-wrapper\">\n\t\t\t\t\t\t\t\t\t<span class=\"elementor-button-text\">Contactez-nous<\/span>\n\t\t\t\t\t<\/span>\n\t\t\t\t\t<\/a>\n\t\t\t\t<\/div>\n\t\t\t\t\t\t\t\t<\/div>\n\t\t\t\t<\/div>\n\t\t\t\t<\/div>\n\t\t\t\t\t<\/div>\n\t\t\t\t<\/div>\n\t\t\t\t<\/div>","protected":false},"excerpt":{"rendered":"<p>Audit du parc informatique Introduction \u00e0 la protection des syst\u00e8mes d&rsquo;information La protection de vos syst\u00e8mes d&rsquo;information est une priorit\u00e9 absolue \u00e0 l&rsquo;heure o\u00f9 les cyberattaques se multiplient. Votre entreprise repose sur des donn\u00e9es sensibles qui doivent \u00eatre prot\u00e9g\u00e9es \u00e0 tout prix. Nous mettons en place des solutions de s\u00e9curit\u00e9 robustes pour garantir la confidentialit\u00e9, [&hellip;]<\/p>","protected":false},"author":1,"featured_media":0,"parent":0,"menu_order":0,"comment_status":"closed","ping_status":"closed","template":"","meta":{"postBodyCss":"","postBodyMargin":[],"postBodyPadding":[],"postBodyBackground":{"backgroundType":"classic","gradient":""},"footnotes":""},"class_list":["post-2004","page","type-page","status-publish","hentry"],"_links":{"self":[{"href":"https:\/\/bbmagency.fr\/en\/wp-json\/wp\/v2\/pages\/2004","targetHints":{"allow":["GET"]}}],"collection":[{"href":"https:\/\/bbmagency.fr\/en\/wp-json\/wp\/v2\/pages"}],"about":[{"href":"https:\/\/bbmagency.fr\/en\/wp-json\/wp\/v2\/types\/page"}],"author":[{"embeddable":true,"href":"https:\/\/bbmagency.fr\/en\/wp-json\/wp\/v2\/users\/1"}],"replies":[{"embeddable":true,"href":"https:\/\/bbmagency.fr\/en\/wp-json\/wp\/v2\/comments?post=2004"}],"version-history":[{"count":70,"href":"https:\/\/bbmagency.fr\/en\/wp-json\/wp\/v2\/pages\/2004\/revisions"}],"predecessor-version":[{"id":2531,"href":"https:\/\/bbmagency.fr\/en\/wp-json\/wp\/v2\/pages\/2004\/revisions\/2531"}],"wp:attachment":[{"href":"https:\/\/bbmagency.fr\/en\/wp-json\/wp\/v2\/media?parent=2004"}],"curies":[{"name":"wp","href":"https:\/\/api.w.org\/{rel}","templated":true}]}}