{"id":1949,"date":"2024-10-05T10:04:38","date_gmt":"2024-10-05T10:04:38","guid":{"rendered":"https:\/\/bbmagency.fr\/?page_id=1949"},"modified":"2025-05-08T14:31:58","modified_gmt":"2025-05-08T14:31:58","slug":"maintenance-informatique","status":"publish","type":"page","link":"https:\/\/bbmagency.fr\/en\/maintenance-informatique\/","title":{"rendered":"Maintenance informatique"},"content":{"rendered":"<div data-elementor-type=\"wp-page\" data-elementor-id=\"1949\" class=\"elementor elementor-1949\" data-elementor-post-type=\"page\">\n\t\t\t\t\t\t<section class=\"elementor-section elementor-top-section elementor-element elementor-element-dda54a2 elementor-section-content-middle elementor-section-boxed elementor-section-height-default elementor-section-height-default\" data-id=\"dda54a2\" data-element_type=\"section\" data-settings=\"{&quot;background_background&quot;:&quot;classic&quot;}\">\n\t\t\t\t\t\t\t<div class=\"elementor-background-overlay\"><\/div>\n\t\t\t\t\t\t\t<div class=\"elementor-container elementor-column-gap-default\">\n\t\t\t\t\t<div class=\"elementor-column elementor-col-100 elementor-top-column elementor-element elementor-element-11e558d\" data-id=\"11e558d\" data-element_type=\"column\">\n\t\t\t<div class=\"elementor-widget-wrap elementor-element-populated\">\n\t\t\t\t\t\t<div class=\"elementor-element elementor-element-5aebcf2 elementor-invisible elementor-widget elementor-widget-heading\" data-id=\"5aebcf2\" data-element_type=\"widget\" data-settings=\"{&quot;_animation&quot;:&quot;fadeIn&quot;}\" data-widget_type=\"heading.default\">\n\t\t\t\t<div class=\"elementor-widget-container\">\n\t\t\t\t\t<h1 class=\"elementor-heading-title elementor-size-default\">Maintenance informatique<\/h1>\t\t\t\t<\/div>\n\t\t\t\t<\/div>\n\t\t\t\t\t<\/div>\n\t\t<\/div>\n\t\t\t\t\t<\/div>\n\t\t<\/section>\n\t\t<div class=\"elementor-element elementor-element-723c5ef e-flex e-con-boxed e-con e-parent\" data-id=\"723c5ef\" data-element_type=\"container\">\n\t\t\t\t\t<div class=\"e-con-inner\">\n\t\t<div class=\"elementor-element elementor-element-2be4d13 e-con-full e-flex e-con e-child\" data-id=\"2be4d13\" data-element_type=\"container\">\n\t\t\t\t<div class=\"elementor-element elementor-element-c5b5d61 elementor-widget elementor-widget-heading\" data-id=\"c5b5d61\" data-element_type=\"widget\" data-widget_type=\"heading.default\">\n\t\t\t\t<div class=\"elementor-widget-container\">\n\t\t\t\t\t<h2 class=\"elementor-heading-title elementor-size-default\">Une maintenance informatique essentielle<\/h2>\t\t\t\t<\/div>\n\t\t\t\t<\/div>\n\t\t\t\t<div class=\"elementor-element elementor-element-9cbc81b elementor-widget elementor-widget-text-editor\" data-id=\"9cbc81b\" data-element_type=\"widget\" data-widget_type=\"text-editor.default\">\n\t\t\t\t<div class=\"elementor-widget-container\">\n\t\t\t\t\t\t\t\t\t<p>Le succ\u00e8s de votre entreprise d\u00e9pend de la fiabilit\u00e9 de vos infrastructures informatiques. Gr\u00e2ce \u00e0 notre service de maintenance informatique, nous assurons un fonctionnement fluide et continu de vos syst\u00e8mes, en \u00e9vitant les pannes co\u00fbteuses et les interruptions. Que ce soit pour des actions pr\u00e9ventives ou correctives, nos solutions sont pens\u00e9es pour prolonger la dur\u00e9e de vie de vos \u00e9quipements et maximiser votre productivit\u00e9.<\/p>\t\t\t\t\t\t\t\t<\/div>\n\t\t\t\t<\/div>\n\t\t\t\t<div class=\"elementor-element elementor-element-a2b6dea elementor-widget elementor-widget-button\" data-id=\"a2b6dea\" data-element_type=\"widget\" data-widget_type=\"button.default\">\n\t\t\t\t<div class=\"elementor-widget-container\">\n\t\t\t\t\t\t\t\t\t<div class=\"elementor-button-wrapper\">\n\t\t\t\t\t<a class=\"elementor-button elementor-button-link elementor-size-sm\" href=\"https:\/\/bbmagency.fr\/en\/nous-contacter\/\">\n\t\t\t\t\t\t<span class=\"elementor-button-content-wrapper\">\n\t\t\t\t\t\t\t\t\t<span class=\"elementor-button-text\">Contactez-nous<\/span>\n\t\t\t\t\t<\/span>\n\t\t\t\t\t<\/a>\n\t\t\t\t<\/div>\n\t\t\t\t\t\t\t\t<\/div>\n\t\t\t\t<\/div>\n\t\t\t\t<\/div>\n\t\t<div class=\"elementor-element elementor-element-b321c1d e-con-full e-flex e-con e-child\" data-id=\"b321c1d\" data-element_type=\"container\">\n\t\t\t\t<div class=\"elementor-element elementor-element-310c5b7 elementor-widget elementor-widget-image\" data-id=\"310c5b7\" data-element_type=\"widget\" data-widget_type=\"image.default\">\n\t\t\t\t<div class=\"elementor-widget-container\">\n\t\t\t\t\t\t\t\t\t\t\t\t\t\t\t<img fetchpriority=\"high\" decoding=\"async\" width=\"1024\" height=\"683\" src=\"https:\/\/bbmagency.fr\/wp-content\/uploads\/2024\/10\/side-view-male-technician-using-digital-tablet-1024x683.jpg\" class=\"attachment-large size-large wp-image-1965\" alt=\"\" srcset=\"https:\/\/bbmagency.fr\/wp-content\/uploads\/2024\/10\/side-view-male-technician-using-digital-tablet-1024x683.jpg 1024w, https:\/\/bbmagency.fr\/wp-content\/uploads\/2024\/10\/side-view-male-technician-using-digital-tablet-300x200.jpg 300w, https:\/\/bbmagency.fr\/wp-content\/uploads\/2024\/10\/side-view-male-technician-using-digital-tablet-768x513.jpg 768w, https:\/\/bbmagency.fr\/wp-content\/uploads\/2024\/10\/side-view-male-technician-using-digital-tablet-1536x1025.jpg 1536w, https:\/\/bbmagency.fr\/wp-content\/uploads\/2024\/10\/side-view-male-technician-using-digital-tablet-2048x1367.jpg 2048w, https:\/\/bbmagency.fr\/wp-content\/uploads\/2024\/10\/side-view-male-technician-using-digital-tablet-18x12.jpg 18w, https:\/\/bbmagency.fr\/wp-content\/uploads\/2024\/10\/side-view-male-technician-using-digital-tablet-600x400.jpg 600w\" sizes=\"(max-width: 1024px) 100vw, 1024px\" \/>\t\t\t\t\t\t\t\t\t\t\t\t\t\t\t<\/div>\n\t\t\t\t<\/div>\n\t\t\t\t<\/div>\n\t\t\t\t\t<\/div>\n\t\t\t\t<\/div>\n\t\t<div class=\"elementor-element elementor-element-383ebd7 e-flex e-con-boxed e-con e-parent\" data-id=\"383ebd7\" data-element_type=\"container\" data-settings=\"{&quot;background_background&quot;:&quot;classic&quot;}\">\n\t\t\t\t\t<div class=\"e-con-inner\">\n\t\t\t\t<div class=\"elementor-element elementor-element-b2370d3 elementor-widget elementor-widget-heading\" data-id=\"b2370d3\" data-element_type=\"widget\" data-widget_type=\"heading.default\">\n\t\t\t\t<div class=\"elementor-widget-container\">\n\t\t\t\t\t<h2 class=\"elementor-heading-title elementor-size-default\">Les avantages de nos Services<\/h2>\t\t\t\t<\/div>\n\t\t\t\t<\/div>\n\t\t\t\t<div class=\"elementor-element elementor-element-2dee754 elementor-widget elementor-widget-text-editor\" data-id=\"2dee754\" data-element_type=\"widget\" data-widget_type=\"text-editor.default\">\n\t\t\t\t<div class=\"elementor-widget-container\">\n\t\t\t\t\t\t\t\t\t<p>Opter pour notre service de maintenance informatique, c\u2019est choisir la tranquillit\u00e9 d\u2019esprit au quotidien. Voici ce que nous vous offrons.<\/p>\t\t\t\t\t\t\t\t<\/div>\n\t\t\t\t<\/div>\n\t\t<div class=\"elementor-element elementor-element-57b3093 e-con-full e-flex e-con e-child\" data-id=\"57b3093\" data-element_type=\"container\">\n\t\t<div class=\"elementor-element elementor-element-d552711 e-con-full e-flex e-con e-child\" data-id=\"d552711\" data-element_type=\"container\" data-settings=\"{&quot;background_background&quot;:&quot;classic&quot;}\">\n\t\t\t\t<div class=\"elementor-element elementor-element-a9070dd elementor-widget elementor-widget-heading\" data-id=\"a9070dd\" data-element_type=\"widget\" data-widget_type=\"heading.default\">\n\t\t\t\t<div class=\"elementor-widget-container\">\n\t\t\t\t\t<h5 class=\"elementor-heading-title elementor-size-default\">Moins de pannes<\/h5>\t\t\t\t<\/div>\n\t\t\t\t<\/div>\n\t\t\t\t<div class=\"elementor-element elementor-element-2698dfc elementor-widget elementor-widget-text-editor\" data-id=\"2698dfc\" data-element_type=\"widget\" data-widget_type=\"text-editor.default\">\n\t\t\t\t<div class=\"elementor-widget-container\">\n\t\t\t\t\t\t\t\t\t<p>\u00a0La maintenance pr\u00e9ventive r\u00e9guli\u00e8re permet d\u2019anticiper les probl\u00e8mes, r\u00e9duisant ainsi les interruptions impr\u00e9vues.<\/p>\t\t\t\t\t\t\t\t<\/div>\n\t\t\t\t<\/div>\n\t\t\t\t<\/div>\n\t\t<div class=\"elementor-element elementor-element-5382577 e-con-full e-flex e-con e-child\" data-id=\"5382577\" data-element_type=\"container\" data-settings=\"{&quot;background_background&quot;:&quot;classic&quot;}\">\n\t\t\t\t<div class=\"elementor-element elementor-element-63a39fd elementor-widget elementor-widget-heading\" data-id=\"63a39fd\" data-element_type=\"widget\" data-widget_type=\"heading.default\">\n\t\t\t\t<div class=\"elementor-widget-container\">\n\t\t\t\t\t<h5 class=\"elementor-heading-title elementor-size-default\">Interventions rapides<\/h5>\t\t\t\t<\/div>\n\t\t\t\t<\/div>\n\t\t\t\t<div class=\"elementor-element elementor-element-fe4a803 elementor-widget elementor-widget-text-editor\" data-id=\"fe4a803\" data-element_type=\"widget\" data-widget_type=\"text-editor.default\">\n\t\t\t\t<div class=\"elementor-widget-container\">\n\t\t\t\t\t\t\t\t\t<p>Que ce soit \u00e0 distance ou sur site, nos techniciens interviennent rapidement pour r\u00e9soudre vos probl\u00e8mes informatiques et r\u00e9tablir le bon fonctionnement de vos syst\u00e8mes.<\/p>\t\t\t\t\t\t\t\t<\/div>\n\t\t\t\t<\/div>\n\t\t\t\t<\/div>\n\t\t<div class=\"elementor-element elementor-element-2c536b5 e-con-full e-flex e-con e-child\" data-id=\"2c536b5\" data-element_type=\"container\" data-settings=\"{&quot;background_background&quot;:&quot;classic&quot;}\">\n\t\t\t\t<div class=\"elementor-element elementor-element-2919e4c elementor-widget elementor-widget-heading\" data-id=\"2919e4c\" data-element_type=\"widget\" data-widget_type=\"heading.default\">\n\t\t\t\t<div class=\"elementor-widget-container\">\n\t\t\t\t\t<h5 class=\"elementor-heading-title elementor-size-default\">S\u00e9curit\u00e9 maximale<\/h5>\t\t\t\t<\/div>\n\t\t\t\t<\/div>\n\t\t\t\t<div class=\"elementor-element elementor-element-48914e7 elementor-widget elementor-widget-text-editor\" data-id=\"48914e7\" data-element_type=\"widget\" data-widget_type=\"text-editor.default\">\n\t\t\t\t<div class=\"elementor-widget-container\">\n\t\t\t\t\t\t\t\t\t<p>\u00a0Nous mettons en place des solutions de s\u00e9curit\u00e9 efficaces pour prot\u00e9ger vos infrastructures contre les menaces num\u00e9riques.<\/p>\t\t\t\t\t\t\t\t<\/div>\n\t\t\t\t<\/div>\n\t\t\t\t<\/div>\n\t\t\t\t<\/div>\n\t\t\t\t\t<\/div>\n\t\t\t\t<\/div>\n\t\t<div class=\"elementor-element elementor-element-86b0b9e e-flex e-con-boxed e-con e-parent\" data-id=\"86b0b9e\" data-element_type=\"container\" data-settings=\"{&quot;background_background&quot;:&quot;classic&quot;}\">\n\t\t\t\t\t<div class=\"e-con-inner\">\n\t\t<div class=\"elementor-element elementor-element-e35c595 e-con-full e-flex e-con e-child\" data-id=\"e35c595\" data-element_type=\"container\" data-settings=\"{&quot;background_background&quot;:&quot;classic&quot;}\">\n\t\t\t\t<div class=\"elementor-element elementor-element-a54fef8 elementor-widget elementor-widget-heading\" data-id=\"a54fef8\" data-element_type=\"widget\" data-widget_type=\"heading.default\">\n\t\t\t\t<div class=\"elementor-widget-container\">\n\t\t\t\t\t<h3 class=\"elementor-heading-title elementor-size-default\">Optimisez d\u00e8s aujourd'hui votre parc informatique !<\/h3>\t\t\t\t<\/div>\n\t\t\t\t<\/div>\n\t\t\t\t<div class=\"elementor-element elementor-element-5d190e3 elementor-widget__width-initial elementor-widget elementor-widget-text-editor\" data-id=\"5d190e3\" data-element_type=\"widget\" data-widget_type=\"text-editor.default\">\n\t\t\t\t<div class=\"elementor-widget-container\">\n\t\t\t\t\t\t\t\t\t<p>Ne laissez pas la gestion de vos \u00e9quipements informatiques freiner la croissance de votre entreprise. En nous confiant votre parc informatique, vous b\u00e9n\u00e9ficiez d&rsquo;une infrastructure performante, s\u00e9curis\u00e9e et toujours \u00e0 jour.<\/p>\t\t\t\t\t\t\t\t<\/div>\n\t\t\t\t<\/div>\n\t\t\t\t<div class=\"elementor-element elementor-element-ac7b38a elementor-align-center elementor-widget elementor-widget-button\" data-id=\"ac7b38a\" data-element_type=\"widget\" data-widget_type=\"button.default\">\n\t\t\t\t<div class=\"elementor-widget-container\">\n\t\t\t\t\t\t\t\t\t<div class=\"elementor-button-wrapper\">\n\t\t\t\t\t<a class=\"elementor-button elementor-button-link elementor-size-sm\" href=\"https:\/\/bbmagency.fr\/en\/nous-contacter\/\">\n\t\t\t\t\t\t<span class=\"elementor-button-content-wrapper\">\n\t\t\t\t\t\t\t\t\t<span class=\"elementor-button-text\">Contactez-nous<\/span>\n\t\t\t\t\t<\/span>\n\t\t\t\t\t<\/a>\n\t\t\t\t<\/div>\n\t\t\t\t\t\t\t\t<\/div>\n\t\t\t\t<\/div>\n\t\t\t\t<\/div>\n\t\t\t\t\t<\/div>\n\t\t\t\t<\/div>\n\t\t\t\t<\/div>","protected":false},"excerpt":{"rendered":"<p>Maintenance informatique Une maintenance informatique essentielle Le succ\u00e8s de votre entreprise d\u00e9pend de la fiabilit\u00e9 de vos infrastructures informatiques. Gr\u00e2ce \u00e0 notre service de maintenance informatique, nous assurons un fonctionnement fluide et continu de vos syst\u00e8mes, en \u00e9vitant les pannes co\u00fbteuses et les interruptions. Que ce soit pour des actions pr\u00e9ventives ou correctives, nos solutions [&hellip;]<\/p>","protected":false},"author":1,"featured_media":0,"parent":0,"menu_order":0,"comment_status":"closed","ping_status":"closed","template":"","meta":{"postBodyCss":"","postBodyMargin":[],"postBodyPadding":[],"postBodyBackground":{"backgroundType":"classic","gradient":""},"footnotes":""},"class_list":["post-1949","page","type-page","status-publish","hentry"],"_links":{"self":[{"href":"https:\/\/bbmagency.fr\/en\/wp-json\/wp\/v2\/pages\/1949","targetHints":{"allow":["GET"]}}],"collection":[{"href":"https:\/\/bbmagency.fr\/en\/wp-json\/wp\/v2\/pages"}],"about":[{"href":"https:\/\/bbmagency.fr\/en\/wp-json\/wp\/v2\/types\/page"}],"author":[{"embeddable":true,"href":"https:\/\/bbmagency.fr\/en\/wp-json\/wp\/v2\/users\/1"}],"replies":[{"embeddable":true,"href":"https:\/\/bbmagency.fr\/en\/wp-json\/wp\/v2\/comments?post=1949"}],"version-history":[{"count":70,"href":"https:\/\/bbmagency.fr\/en\/wp-json\/wp\/v2\/pages\/1949\/revisions"}],"predecessor-version":[{"id":2537,"href":"https:\/\/bbmagency.fr\/en\/wp-json\/wp\/v2\/pages\/1949\/revisions\/2537"}],"wp:attachment":[{"href":"https:\/\/bbmagency.fr\/en\/wp-json\/wp\/v2\/media?parent=1949"}],"curies":[{"name":"wp","href":"https:\/\/api.w.org\/{rel}","templated":true}]}}