{"id":1845,"date":"2024-10-05T09:16:27","date_gmt":"2024-10-05T09:16:27","guid":{"rendered":"https:\/\/bbmagency.fr\/?page_id=1845"},"modified":"2025-05-05T11:24:29","modified_gmt":"2025-05-05T11:24:29","slug":"audit-du-parc-informatique","status":"publish","type":"page","link":"https:\/\/bbmagency.fr\/en\/audit-du-parc-informatique\/","title":{"rendered":"Audit du parc informatique"},"content":{"rendered":"<div data-elementor-type=\"wp-page\" data-elementor-id=\"1845\" class=\"elementor elementor-1845\" data-elementor-post-type=\"page\">\n\t\t\t\t\t\t<section class=\"elementor-section elementor-top-section elementor-element elementor-element-368e35e elementor-section-content-middle elementor-section-boxed elementor-section-height-default elementor-section-height-default\" data-id=\"368e35e\" data-element_type=\"section\" data-settings=\"{&quot;background_background&quot;:&quot;classic&quot;}\">\n\t\t\t\t\t\t\t<div class=\"elementor-background-overlay\"><\/div>\n\t\t\t\t\t\t\t<div class=\"elementor-container elementor-column-gap-default\">\n\t\t\t\t\t<div class=\"elementor-column elementor-col-100 elementor-top-column elementor-element elementor-element-f869f23\" data-id=\"f869f23\" data-element_type=\"column\">\n\t\t\t<div class=\"elementor-widget-wrap elementor-element-populated\">\n\t\t\t\t\t\t<div class=\"elementor-element elementor-element-ba9c72e elementor-invisible elementor-widget elementor-widget-heading\" data-id=\"ba9c72e\" data-element_type=\"widget\" data-settings=\"{&quot;_animation&quot;:&quot;fadeIn&quot;}\" data-widget_type=\"heading.default\">\n\t\t\t\t<div class=\"elementor-widget-container\">\n\t\t\t\t\t<h1 class=\"elementor-heading-title elementor-size-default\">Audit du parc informatique<\/h1>\t\t\t\t<\/div>\n\t\t\t\t<\/div>\n\t\t\t\t\t<\/div>\n\t\t<\/div>\n\t\t\t\t\t<\/div>\n\t\t<\/section>\n\t\t<div class=\"elementor-element elementor-element-a6b361a e-flex e-con-boxed e-con e-parent\" data-id=\"a6b361a\" data-element_type=\"container\">\n\t\t\t\t\t<div class=\"e-con-inner\">\n\t\t<div class=\"elementor-element elementor-element-31958ea e-con-full e-flex e-con e-child\" data-id=\"31958ea\" data-element_type=\"container\">\n\t\t\t\t<div class=\"elementor-element elementor-element-aae2600 elementor-widget elementor-widget-heading\" data-id=\"aae2600\" data-element_type=\"widget\" data-widget_type=\"heading.default\">\n\t\t\t\t<div class=\"elementor-widget-container\">\n\t\t\t\t\t<h2 class=\"elementor-heading-title elementor-size-default\">Introduction au service de gestion de parc informatique<\/h2>\t\t\t\t<\/div>\n\t\t\t\t<\/div>\n\t\t\t\t<div class=\"elementor-element elementor-element-4f22a60 elementor-widget elementor-widget-text-editor\" data-id=\"4f22a60\" data-element_type=\"widget\" data-widget_type=\"text-editor.default\">\n\t\t\t\t<div class=\"elementor-widget-container\">\n\t\t\t\t\t\t\t\t\t<p>Votre entreprise d\u00e9pend d\u2019une infrastructure informatique fiable et efficace. Notre service de gestion de parc informatique garantit une supervision compl\u00e8te de vos \u00e9quipements, logiciels et r\u00e9seaux pour une performance optimale. Nous vous aidons \u00e0 am\u00e9liorer la productivit\u00e9, \u00e0 minimiser les interruptions et \u00e0 prolonger la dur\u00e9e de vie de vos actifs informatiques.<\/p>\t\t\t\t\t\t\t\t<\/div>\n\t\t\t\t<\/div>\n\t\t\t\t<div class=\"elementor-element elementor-element-bd387f6 elementor-widget elementor-widget-button\" data-id=\"bd387f6\" data-element_type=\"widget\" data-widget_type=\"button.default\">\n\t\t\t\t<div class=\"elementor-widget-container\">\n\t\t\t\t\t\t\t\t\t<div class=\"elementor-button-wrapper\">\n\t\t\t\t\t<a class=\"elementor-button elementor-button-link elementor-size-sm\" href=\"https:\/\/bbmagency.fr\/en\/nous-contacter\/\">\n\t\t\t\t\t\t<span class=\"elementor-button-content-wrapper\">\n\t\t\t\t\t\t\t\t\t<span class=\"elementor-button-text\">Contactez-nous<\/span>\n\t\t\t\t\t<\/span>\n\t\t\t\t\t<\/a>\n\t\t\t\t<\/div>\n\t\t\t\t\t\t\t\t<\/div>\n\t\t\t\t<\/div>\n\t\t\t\t<\/div>\n\t\t<div class=\"elementor-element elementor-element-75a91fc e-con-full e-flex e-con e-child\" data-id=\"75a91fc\" data-element_type=\"container\">\n\t\t\t\t<div class=\"elementor-element elementor-element-0094716 elementor-widget elementor-widget-image\" data-id=\"0094716\" data-element_type=\"widget\" data-widget_type=\"image.default\">\n\t\t\t\t<div class=\"elementor-widget-container\">\n\t\t\t\t\t\t\t\t\t\t\t\t\t\t\t<img fetchpriority=\"high\" decoding=\"async\" width=\"1024\" height=\"704\" src=\"https:\/\/bbmagency.fr\/wp-content\/uploads\/2024\/10\/business-person-looking-finance-graphs-1024x704.jpg\" class=\"attachment-large size-large wp-image-1857\" alt=\"\" srcset=\"https:\/\/bbmagency.fr\/wp-content\/uploads\/2024\/10\/business-person-looking-finance-graphs-1024x704.jpg 1024w, https:\/\/bbmagency.fr\/wp-content\/uploads\/2024\/10\/business-person-looking-finance-graphs-300x206.jpg 300w, https:\/\/bbmagency.fr\/wp-content\/uploads\/2024\/10\/business-person-looking-finance-graphs-768x528.jpg 768w, https:\/\/bbmagency.fr\/wp-content\/uploads\/2024\/10\/business-person-looking-finance-graphs-1536x1056.jpg 1536w, https:\/\/bbmagency.fr\/wp-content\/uploads\/2024\/10\/business-person-looking-finance-graphs-2048x1407.jpg 2048w, https:\/\/bbmagency.fr\/wp-content\/uploads\/2024\/10\/business-person-looking-finance-graphs-18x12.jpg 18w, https:\/\/bbmagency.fr\/wp-content\/uploads\/2024\/10\/business-person-looking-finance-graphs-600x412.jpg 600w\" sizes=\"(max-width: 1024px) 100vw, 1024px\" \/>\t\t\t\t\t\t\t\t\t\t\t\t\t\t\t<\/div>\n\t\t\t\t<\/div>\n\t\t\t\t<\/div>\n\t\t\t\t\t<\/div>\n\t\t\t\t<\/div>\n\t\t<div class=\"elementor-element elementor-element-6644eed e-flex e-con-boxed e-con e-parent\" data-id=\"6644eed\" data-element_type=\"container\" data-settings=\"{&quot;background_background&quot;:&quot;classic&quot;}\">\n\t\t\t\t\t<div class=\"e-con-inner\">\n\t\t<div class=\"elementor-element elementor-element-506ff29 e-con-full e-flex e-con e-child\" data-id=\"506ff29\" data-element_type=\"container\">\n\t\t\t\t<div class=\"elementor-element elementor-element-e4e49bc elementor-widget elementor-widget-heading\" data-id=\"e4e49bc\" data-element_type=\"widget\" data-widget_type=\"heading.default\">\n\t\t\t\t<div class=\"elementor-widget-container\">\n\t\t\t\t\t<h2 class=\"elementor-heading-title elementor-size-default\">Comment nous fonctionnons ?<\/h2>\t\t\t\t<\/div>\n\t\t\t\t<\/div>\n\t\t\t\t<div class=\"elementor-element elementor-element-53935b0 elementor-widget elementor-widget-text-editor\" data-id=\"53935b0\" data-element_type=\"widget\" data-widget_type=\"text-editor.default\">\n\t\t\t\t<div class=\"elementor-widget-container\">\n\t\t\t\t\t\t\t\t\t<p>Des rapports clairs et r\u00e9guliers vous permettent de suivre l\u2019\u00e9volution de vos \u00e9quipements et de planifier des am\u00e9liorations.<\/p>\t\t\t\t\t\t\t\t<\/div>\n\t\t\t\t<\/div>\n\t\t\t\t<\/div>\n\t\t<div class=\"elementor-element elementor-element-709c3a8 e-con-full e-flex e-con e-child\" data-id=\"709c3a8\" data-element_type=\"container\">\n\t\t<div class=\"elementor-element elementor-element-7ce86f9 e-con-full e-flex e-con e-child\" data-id=\"7ce86f9\" data-element_type=\"container\" data-settings=\"{&quot;background_background&quot;:&quot;classic&quot;}\">\n\t\t\t\t<div class=\"elementor-element elementor-element-abafec0 elementor-widget elementor-widget-heading\" data-id=\"abafec0\" data-element_type=\"widget\" data-widget_type=\"heading.default\">\n\t\t\t\t<div class=\"elementor-widget-container\">\n\t\t\t\t\t<h5 class=\"elementor-heading-title elementor-size-default\">Diagnostic initial<\/h5>\t\t\t\t<\/div>\n\t\t\t\t<\/div>\n\t\t\t\t<div class=\"elementor-element elementor-element-658e0dc elementor-widget elementor-widget-text-editor\" data-id=\"658e0dc\" data-element_type=\"widget\" data-widget_type=\"text-editor.default\">\n\t\t\t\t<div class=\"elementor-widget-container\">\n\t\t\t\t\t\t\t\t\t<p>\u00a0Nous effectuons un audit de votre infrastructure actuelle pour identifier les opportunit\u00e9s d&rsquo;am\u00e9lioration.<\/p>\t\t\t\t\t\t\t\t<\/div>\n\t\t\t\t<\/div>\n\t\t\t\t<\/div>\n\t\t<div class=\"elementor-element elementor-element-b2e46e4 e-con-full e-flex e-con e-child\" data-id=\"b2e46e4\" data-element_type=\"container\" data-settings=\"{&quot;background_background&quot;:&quot;classic&quot;}\">\n\t\t\t\t<div class=\"elementor-element elementor-element-57e6ec7 elementor-widget elementor-widget-heading\" data-id=\"57e6ec7\" data-element_type=\"widget\" data-widget_type=\"heading.default\">\n\t\t\t\t<div class=\"elementor-widget-container\">\n\t\t\t\t\t<h5 class=\"elementor-heading-title elementor-size-default\">Plan d\u2019action<\/h5>\t\t\t\t<\/div>\n\t\t\t\t<\/div>\n\t\t\t\t<div class=\"elementor-element elementor-element-3a165ed elementor-widget elementor-widget-text-editor\" data-id=\"3a165ed\" data-element_type=\"widget\" data-widget_type=\"text-editor.default\">\n\t\t\t\t<div class=\"elementor-widget-container\">\n\t\t\t\t\t\t\t\t\t<p>Nous mettons en place une strat\u00e9gie de gestion adapt\u00e9e \u00e0 vos besoins et \u00e0 la taille de votre parc informatique.<\/p>\t\t\t\t\t\t\t\t<\/div>\n\t\t\t\t<\/div>\n\t\t\t\t<\/div>\n\t\t<div class=\"elementor-element elementor-element-75cff2a e-con-full e-flex e-con e-child\" data-id=\"75cff2a\" data-element_type=\"container\" data-settings=\"{&quot;background_background&quot;:&quot;classic&quot;}\">\n\t\t\t\t<div class=\"elementor-element elementor-element-b5fb061 elementor-widget elementor-widget-heading\" data-id=\"b5fb061\" data-element_type=\"widget\" data-widget_type=\"heading.default\">\n\t\t\t\t<div class=\"elementor-widget-container\">\n\t\t\t\t\t<h5 class=\"elementor-heading-title elementor-size-default\">Surveillance continue<\/h5>\t\t\t\t<\/div>\n\t\t\t\t<\/div>\n\t\t\t\t<div class=\"elementor-element elementor-element-6fabd63 elementor-widget elementor-widget-text-editor\" data-id=\"6fabd63\" data-element_type=\"widget\" data-widget_type=\"text-editor.default\">\n\t\t\t\t<div class=\"elementor-widget-container\">\n\t\t\t\t\t\t\t\t\t<p>Notre syst\u00e8me de monitoring d\u00e9tecte en temps r\u00e9el les failles potentielles pour une r\u00e9solution imm\u00e9diate.<\/p>\t\t\t\t\t\t\t\t<\/div>\n\t\t\t\t<\/div>\n\t\t\t\t<\/div>\n\t\t\t\t<\/div>\n\t\t\t\t\t<\/div>\n\t\t\t\t<\/div>\n\t\t<div class=\"elementor-element elementor-element-7019a58 e-flex e-con-boxed e-con e-parent\" data-id=\"7019a58\" data-element_type=\"container\" data-settings=\"{&quot;background_background&quot;:&quot;classic&quot;}\">\n\t\t\t\t\t<div class=\"e-con-inner\">\n\t\t\t\t<div class=\"elementor-element elementor-element-4908770 elementor-widget elementor-widget-heading\" data-id=\"4908770\" data-element_type=\"widget\" data-widget_type=\"heading.default\">\n\t\t\t\t<div class=\"elementor-widget-container\">\n\t\t\t\t\t<h2 class=\"elementor-heading-title elementor-size-default\">Pourquoi nous choisir ?<\/h2>\t\t\t\t<\/div>\n\t\t\t\t<\/div>\n\t\t\t\t<div class=\"elementor-element elementor-element-adde7a1 elementor-widget elementor-widget-text-editor\" data-id=\"adde7a1\" data-element_type=\"widget\" data-widget_type=\"text-editor.default\">\n\t\t\t\t<div class=\"elementor-widget-container\">\n\t\t\t\t\t\t\t\t\t<p>Nos services de gestion de parc informatique sont con\u00e7us pour r\u00e9pondre \u00e0 vos exigences les plus \u00e9lev\u00e9es.<\/p>\t\t\t\t\t\t\t\t<\/div>\n\t\t\t\t<\/div>\n\t\t<div class=\"elementor-element elementor-element-68c6aaa e-con-full e-flex e-con e-child\" data-id=\"68c6aaa\" data-element_type=\"container\">\n\t\t<div class=\"elementor-element elementor-element-fa659ae e-con-full e-flex e-con e-child\" data-id=\"fa659ae\" data-element_type=\"container\" data-settings=\"{&quot;background_background&quot;:&quot;classic&quot;}\">\n\t\t\t\t<div class=\"elementor-element elementor-element-332947c elementor-widget elementor-widget-heading\" data-id=\"332947c\" data-element_type=\"widget\" data-widget_type=\"heading.default\">\n\t\t\t\t<div class=\"elementor-widget-container\">\n\t\t\t\t\t<h5 class=\"elementor-heading-title elementor-size-default\">Flexibilit\u00e9 et \u00e9volutivit\u00e9<\/h5>\t\t\t\t<\/div>\n\t\t\t\t<\/div>\n\t\t\t\t<div class=\"elementor-element elementor-element-57b43d4 elementor-widget elementor-widget-text-editor\" data-id=\"57b43d4\" data-element_type=\"widget\" data-widget_type=\"text-editor.default\">\n\t\t\t\t<div class=\"elementor-widget-container\">\n\t\t\t\t\t\t\t\t\t<p>\u00a0Nos solutions s&rsquo;adaptent \u00e0 vos besoins sp\u00e9cifiques et grandissent avec vous.<\/p>\t\t\t\t\t\t\t\t<\/div>\n\t\t\t\t<\/div>\n\t\t\t\t<\/div>\n\t\t<div class=\"elementor-element elementor-element-dd015c9 e-con-full e-flex e-con e-child\" data-id=\"dd015c9\" data-element_type=\"container\" data-settings=\"{&quot;background_background&quot;:&quot;classic&quot;}\">\n\t\t\t\t<div class=\"elementor-element elementor-element-eb19c67 elementor-widget elementor-widget-heading\" data-id=\"eb19c67\" data-element_type=\"widget\" data-widget_type=\"heading.default\">\n\t\t\t\t<div class=\"elementor-widget-container\">\n\t\t\t\t\t<h5 class=\"elementor-heading-title elementor-size-default\">Interventions rapides<\/h5>\t\t\t\t<\/div>\n\t\t\t\t<\/div>\n\t\t\t\t<div class=\"elementor-element elementor-element-c9e537d elementor-widget elementor-widget-text-editor\" data-id=\"c9e537d\" data-element_type=\"widget\" data-widget_type=\"text-editor.default\">\n\t\t\t\t<div class=\"elementor-widget-container\">\n\t\t\t\t\t\t\t\t\t<p>Notre \u00e9quipe r\u00e9active est toujours pr\u00eate \u00e0 intervenir en cas de probl\u00e8me.<\/p>\t\t\t\t\t\t\t\t<\/div>\n\t\t\t\t<\/div>\n\t\t\t\t<\/div>\n\t\t<div class=\"elementor-element elementor-element-24f9880 e-con-full e-flex e-con e-child\" data-id=\"24f9880\" data-element_type=\"container\" data-settings=\"{&quot;background_background&quot;:&quot;classic&quot;}\">\n\t\t\t\t<div class=\"elementor-element elementor-element-90c5f8e elementor-widget elementor-widget-heading\" data-id=\"90c5f8e\" data-element_type=\"widget\" data-widget_type=\"heading.default\">\n\t\t\t\t<div class=\"elementor-widget-container\">\n\t\t\t\t\t<h5 class=\"elementor-heading-title elementor-size-default\">Partenaire technologique<\/h5>\t\t\t\t<\/div>\n\t\t\t\t<\/div>\n\t\t\t\t<div class=\"elementor-element elementor-element-db05ba8 elementor-widget elementor-widget-text-editor\" data-id=\"db05ba8\" data-element_type=\"widget\" data-widget_type=\"text-editor.default\">\n\t\t\t\t<div class=\"elementor-widget-container\">\n\t\t\t\t\t\t\t\t\t<p>\u00a0Nous vous accompagnons \u00e0 chaque \u00e9tape pour vous offrir une infrastructure robuste, performante et s\u00e9curis\u00e9e.<\/p>\t\t\t\t\t\t\t\t<\/div>\n\t\t\t\t<\/div>\n\t\t\t\t<\/div>\n\t\t\t\t<\/div>\n\t\t\t\t\t<\/div>\n\t\t\t\t<\/div>\n\t\t<div class=\"elementor-element elementor-element-96cba46 e-flex e-con-boxed e-con e-parent\" data-id=\"96cba46\" data-element_type=\"container\" data-settings=\"{&quot;background_background&quot;:&quot;classic&quot;}\">\n\t\t\t\t\t<div class=\"e-con-inner\">\n\t\t<div class=\"elementor-element elementor-element-de5a298 e-con-full e-flex e-con e-child\" data-id=\"de5a298\" data-element_type=\"container\" data-settings=\"{&quot;background_background&quot;:&quot;classic&quot;}\">\n\t\t\t\t<div class=\"elementor-element elementor-element-69f1484 elementor-widget elementor-widget-heading\" data-id=\"69f1484\" data-element_type=\"widget\" data-widget_type=\"heading.default\">\n\t\t\t\t<div class=\"elementor-widget-container\">\n\t\t\t\t\t<h3 class=\"elementor-heading-title elementor-size-default\">Optimisez d\u00e8s aujourd'hui votre parc informatique !<\/h3>\t\t\t\t<\/div>\n\t\t\t\t<\/div>\n\t\t\t\t<div class=\"elementor-element elementor-element-855e346 elementor-widget__width-initial elementor-widget elementor-widget-text-editor\" data-id=\"855e346\" data-element_type=\"widget\" data-widget_type=\"text-editor.default\">\n\t\t\t\t<div class=\"elementor-widget-container\">\n\t\t\t\t\t\t\t\t\t<p>Ne laissez pas la gestion de vos \u00e9quipements informatiques freiner la croissance de votre entreprise. En nous confiant votre parc informatique, vous b\u00e9n\u00e9ficiez d&rsquo;une infrastructure performante, s\u00e9curis\u00e9e et toujours \u00e0 jour.<\/p>\t\t\t\t\t\t\t\t<\/div>\n\t\t\t\t<\/div>\n\t\t\t\t<div class=\"elementor-element elementor-element-63e8371 elementor-align-center elementor-widget elementor-widget-button\" data-id=\"63e8371\" data-element_type=\"widget\" data-widget_type=\"button.default\">\n\t\t\t\t<div class=\"elementor-widget-container\">\n\t\t\t\t\t\t\t\t\t<div class=\"elementor-button-wrapper\">\n\t\t\t\t\t<a class=\"elementor-button elementor-button-link elementor-size-sm\" href=\"https:\/\/bbmagency.fr\/en\/nous-contacter\/\">\n\t\t\t\t\t\t<span class=\"elementor-button-content-wrapper\">\n\t\t\t\t\t\t\t\t\t<span class=\"elementor-button-text\">Contactez-nous<\/span>\n\t\t\t\t\t<\/span>\n\t\t\t\t\t<\/a>\n\t\t\t\t<\/div>\n\t\t\t\t\t\t\t\t<\/div>\n\t\t\t\t<\/div>\n\t\t\t\t<\/div>\n\t\t\t\t\t<\/div>\n\t\t\t\t<\/div>\n\t\t\t\t<\/div>","protected":false},"excerpt":{"rendered":"<p>Audit du parc informatique Introduction au service de gestion de parc informatique Votre entreprise d\u00e9pend d\u2019une infrastructure informatique fiable et efficace. Notre service de gestion de parc informatique garantit une supervision compl\u00e8te de vos \u00e9quipements, logiciels et r\u00e9seaux pour une performance optimale. Nous vous aidons \u00e0 am\u00e9liorer la productivit\u00e9, \u00e0 minimiser les interruptions et \u00e0 [&hellip;]<\/p>","protected":false},"author":1,"featured_media":0,"parent":0,"menu_order":0,"comment_status":"closed","ping_status":"closed","template":"","meta":{"postBodyCss":"","postBodyMargin":[],"postBodyPadding":[],"postBodyBackground":{"backgroundType":"classic","gradient":""},"footnotes":""},"class_list":["post-1845","page","type-page","status-publish","hentry"],"_links":{"self":[{"href":"https:\/\/bbmagency.fr\/en\/wp-json\/wp\/v2\/pages\/1845","targetHints":{"allow":["GET"]}}],"collection":[{"href":"https:\/\/bbmagency.fr\/en\/wp-json\/wp\/v2\/pages"}],"about":[{"href":"https:\/\/bbmagency.fr\/en\/wp-json\/wp\/v2\/types\/page"}],"author":[{"embeddable":true,"href":"https:\/\/bbmagency.fr\/en\/wp-json\/wp\/v2\/users\/1"}],"replies":[{"embeddable":true,"href":"https:\/\/bbmagency.fr\/en\/wp-json\/wp\/v2\/comments?post=1845"}],"version-history":[{"count":139,"href":"https:\/\/bbmagency.fr\/en\/wp-json\/wp\/v2\/pages\/1845\/revisions"}],"predecessor-version":[{"id":2469,"href":"https:\/\/bbmagency.fr\/en\/wp-json\/wp\/v2\/pages\/1845\/revisions\/2469"}],"wp:attachment":[{"href":"https:\/\/bbmagency.fr\/en\/wp-json\/wp\/v2\/media?parent=1845"}],"curies":[{"name":"wp","href":"https:\/\/api.w.org\/{rel}","templated":true}]}}