{"id":1775,"date":"2024-10-05T07:52:25","date_gmt":"2024-10-05T07:52:25","guid":{"rendered":"https:\/\/bbmagency.fr\/?page_id=1775"},"modified":"2025-05-08T14:46:16","modified_gmt":"2025-05-08T14:46:16","slug":"gestion-de-parc-informatique","status":"publish","type":"page","link":"https:\/\/bbmagency.fr\/en\/gestion-de-parc-informatique\/","title":{"rendered":"Gestion de parc informatique"},"content":{"rendered":"<div data-elementor-type=\"wp-page\" data-elementor-id=\"1775\" class=\"elementor elementor-1775\" data-elementor-post-type=\"page\">\n\t\t\t\t\t\t<section class=\"elementor-section elementor-top-section elementor-element elementor-element-8db7cb4 elementor-section-content-middle elementor-section-boxed elementor-section-height-default elementor-section-height-default\" data-id=\"8db7cb4\" data-element_type=\"section\" data-settings=\"{&quot;background_background&quot;:&quot;classic&quot;}\">\n\t\t\t\t\t\t\t<div class=\"elementor-background-overlay\"><\/div>\n\t\t\t\t\t\t\t<div class=\"elementor-container elementor-column-gap-default\">\n\t\t\t\t\t<div class=\"elementor-column elementor-col-100 elementor-top-column elementor-element elementor-element-33261f7\" data-id=\"33261f7\" data-element_type=\"column\">\n\t\t\t<div class=\"elementor-widget-wrap elementor-element-populated\">\n\t\t\t\t\t\t<div class=\"elementor-element elementor-element-b22e3e1 elementor-invisible elementor-widget elementor-widget-heading\" data-id=\"b22e3e1\" data-element_type=\"widget\" data-settings=\"{&quot;_animation&quot;:&quot;fadeIn&quot;}\" data-widget_type=\"heading.default\">\n\t\t\t\t<div class=\"elementor-widget-container\">\n\t\t\t\t\t<h1 class=\"elementor-heading-title elementor-size-default\">Gestion de parc informatique<\/h1>\t\t\t\t<\/div>\n\t\t\t\t<\/div>\n\t\t\t\t\t<\/div>\n\t\t<\/div>\n\t\t\t\t\t<\/div>\n\t\t<\/section>\n\t\t<div class=\"elementor-element elementor-element-8718917 e-flex e-con-boxed e-con e-parent\" data-id=\"8718917\" data-element_type=\"container\">\n\t\t\t\t\t<div class=\"e-con-inner\">\n\t\t<div class=\"elementor-element elementor-element-4e556c4 e-con-full e-flex e-con e-child\" data-id=\"4e556c4\" data-element_type=\"container\">\n\t\t\t\t<div class=\"elementor-element elementor-element-d8a0689 elementor-widget elementor-widget-heading\" data-id=\"d8a0689\" data-element_type=\"widget\" data-widget_type=\"heading.default\">\n\t\t\t\t<div class=\"elementor-widget-container\">\n\t\t\t\t\t<h2 class=\"elementor-heading-title elementor-size-default\">Introduction au service de gestion de parc informatique<\/h2>\t\t\t\t<\/div>\n\t\t\t\t<\/div>\n\t\t\t\t<div class=\"elementor-element elementor-element-762863d elementor-widget elementor-widget-text-editor\" data-id=\"762863d\" data-element_type=\"widget\" data-widget_type=\"text-editor.default\">\n\t\t\t\t<div class=\"elementor-widget-container\">\n\t\t\t\t\t\t\t\t\t<p>Votre entreprise d\u00e9pend d\u2019une infrastructure informatique fiable et efficace. Notre service de gestion de parc informatique garantit une supervision compl\u00e8te de vos \u00e9quipements, logiciels et r\u00e9seaux pour une performance optimale. Nous vous aidons \u00e0 am\u00e9liorer la productivit\u00e9, \u00e0 minimiser les interruptions et \u00e0 prolonger la dur\u00e9e de vie de vos actifs informatiques.<\/p>\t\t\t\t\t\t\t\t<\/div>\n\t\t\t\t<\/div>\n\t\t\t\t<div class=\"elementor-element elementor-element-10798d8 elementor-widget elementor-widget-button\" data-id=\"10798d8\" data-element_type=\"widget\" data-widget_type=\"button.default\">\n\t\t\t\t<div class=\"elementor-widget-container\">\n\t\t\t\t\t\t\t\t\t<div class=\"elementor-button-wrapper\">\n\t\t\t\t\t<a class=\"elementor-button elementor-button-link elementor-size-sm\" href=\"https:\/\/bbmagency.fr\/en\/nous-contacter\/\">\n\t\t\t\t\t\t<span class=\"elementor-button-content-wrapper\">\n\t\t\t\t\t\t\t\t\t<span class=\"elementor-button-text\">Contactez-nous<\/span>\n\t\t\t\t\t<\/span>\n\t\t\t\t\t<\/a>\n\t\t\t\t<\/div>\n\t\t\t\t\t\t\t\t<\/div>\n\t\t\t\t<\/div>\n\t\t\t\t<\/div>\n\t\t<div class=\"elementor-element elementor-element-3c8f9fe e-con-full e-flex e-con e-child\" data-id=\"3c8f9fe\" data-element_type=\"container\">\n\t\t\t\t<div class=\"elementor-element elementor-element-7fddd3b elementor-widget elementor-widget-image\" data-id=\"7fddd3b\" data-element_type=\"widget\" data-widget_type=\"image.default\">\n\t\t\t\t<div class=\"elementor-widget-container\">\n\t\t\t\t\t\t\t\t\t\t\t\t\t\t\t<img fetchpriority=\"high\" decoding=\"async\" width=\"1024\" height=\"683\" src=\"https:\/\/bbmagency.fr\/wp-content\/uploads\/2024\/10\/medium-shot-happy-people-working-1024x683.jpg\" class=\"attachment-large size-large wp-image-1787\" alt=\"\" srcset=\"https:\/\/bbmagency.fr\/wp-content\/uploads\/2024\/10\/medium-shot-happy-people-working-1024x683.jpg 1024w, https:\/\/bbmagency.fr\/wp-content\/uploads\/2024\/10\/medium-shot-happy-people-working-300x200.jpg 300w, https:\/\/bbmagency.fr\/wp-content\/uploads\/2024\/10\/medium-shot-happy-people-working-768x512.jpg 768w, https:\/\/bbmagency.fr\/wp-content\/uploads\/2024\/10\/medium-shot-happy-people-working-1536x1024.jpg 1536w, https:\/\/bbmagency.fr\/wp-content\/uploads\/2024\/10\/medium-shot-happy-people-working-2048x1365.jpg 2048w, https:\/\/bbmagency.fr\/wp-content\/uploads\/2024\/10\/medium-shot-happy-people-working-18x12.jpg 18w, https:\/\/bbmagency.fr\/wp-content\/uploads\/2024\/10\/medium-shot-happy-people-working-600x400.jpg 600w\" sizes=\"(max-width: 1024px) 100vw, 1024px\" \/>\t\t\t\t\t\t\t\t\t\t\t\t\t\t\t<\/div>\n\t\t\t\t<\/div>\n\t\t\t\t<\/div>\n\t\t\t\t\t<\/div>\n\t\t\t\t<\/div>\n\t\t<div class=\"elementor-element elementor-element-42f8fa2 e-flex e-con-boxed e-con e-parent\" data-id=\"42f8fa2\" data-element_type=\"container\" data-settings=\"{&quot;background_background&quot;:&quot;classic&quot;}\">\n\t\t\t\t\t<div class=\"e-con-inner\">\n\t\t\t\t<div class=\"elementor-element elementor-element-363c576 elementor-widget elementor-widget-heading\" data-id=\"363c576\" data-element_type=\"widget\" data-widget_type=\"heading.default\">\n\t\t\t\t<div class=\"elementor-widget-container\">\n\t\t\t\t\t<h2 class=\"elementor-heading-title elementor-size-default\">Pourquoi choisir notre service ?<\/h2>\t\t\t\t<\/div>\n\t\t\t\t<\/div>\n\t\t<div class=\"elementor-element elementor-element-cff401a e-con-full e-flex e-con e-child\" data-id=\"cff401a\" data-element_type=\"container\">\n\t\t<div class=\"elementor-element elementor-element-eb6a6fe e-con-full e-flex e-con e-child\" data-id=\"eb6a6fe\" data-element_type=\"container\" data-settings=\"{&quot;background_background&quot;:&quot;classic&quot;}\">\n\t\t\t\t<div class=\"elementor-element elementor-element-6486a21 elementor-widget elementor-widget-heading\" data-id=\"6486a21\" data-element_type=\"widget\" data-widget_type=\"heading.default\">\n\t\t\t\t<div class=\"elementor-widget-container\">\n\t\t\t\t\t<h5 class=\"elementor-heading-title elementor-size-default\">Expertise professionnelle<\/h5>\t\t\t\t<\/div>\n\t\t\t\t<\/div>\n\t\t\t\t<div class=\"elementor-element elementor-element-4f56ccc elementor-widget elementor-widget-text-editor\" data-id=\"4f56ccc\" data-element_type=\"widget\" data-widget_type=\"text-editor.default\">\n\t\t\t\t<div class=\"elementor-widget-container\">\n\t\t\t\t\t\t\t\t\t<p>Notre \u00e9quipe d\u2019experts en gestion de parc informatique a de nombreuses ann\u00e9es d\u2019exp\u00e9rience dans la gestion des infrastructures pour des entreprises de toutes tailles.<\/p>\t\t\t\t\t\t\t\t<\/div>\n\t\t\t\t<\/div>\n\t\t\t\t<\/div>\n\t\t<div class=\"elementor-element elementor-element-fa50c82 e-con-full e-flex e-con e-child\" data-id=\"fa50c82\" data-element_type=\"container\" data-settings=\"{&quot;background_background&quot;:&quot;classic&quot;}\">\n\t\t\t\t<div class=\"elementor-element elementor-element-1de82ec elementor-widget elementor-widget-heading\" data-id=\"1de82ec\" data-element_type=\"widget\" data-widget_type=\"heading.default\">\n\t\t\t\t<div class=\"elementor-widget-container\">\n\t\t\t\t\t<h5 class=\"elementor-heading-title elementor-size-default\">Solutions personnalis\u00e9es<\/h5>\t\t\t\t<\/div>\n\t\t\t\t<\/div>\n\t\t\t\t<div class=\"elementor-element elementor-element-1eb295e elementor-widget elementor-widget-text-editor\" data-id=\"1eb295e\" data-element_type=\"widget\" data-widget_type=\"text-editor.default\">\n\t\t\t\t<div class=\"elementor-widget-container\">\n\t\t\t\t\t\t\t\t\t<p>\u00a0Nous adaptons nos services en fonction des besoins sp\u00e9cifiques de votre entreprise, garantissant ainsi une gestion sur mesure de vos \u00e9quipements.<\/p>\t\t\t\t\t\t\t\t<\/div>\n\t\t\t\t<\/div>\n\t\t\t\t<\/div>\n\t\t<div class=\"elementor-element elementor-element-ac6bb17 e-con-full e-flex e-con e-child\" data-id=\"ac6bb17\" data-element_type=\"container\" data-settings=\"{&quot;background_background&quot;:&quot;classic&quot;}\">\n\t\t\t\t<div class=\"elementor-element elementor-element-b3e4ddd elementor-widget elementor-widget-heading\" data-id=\"b3e4ddd\" data-element_type=\"widget\" data-widget_type=\"heading.default\">\n\t\t\t\t<div class=\"elementor-widget-container\">\n\t\t\t\t\t<h5 class=\"elementor-heading-title elementor-size-default\">R\u00e9duction des co\u00fbts<\/h5>\t\t\t\t<\/div>\n\t\t\t\t<\/div>\n\t\t\t\t<div class=\"elementor-element elementor-element-2449b51 elementor-widget elementor-widget-text-editor\" data-id=\"2449b51\" data-element_type=\"widget\" data-widget_type=\"text-editor.default\">\n\t\t\t\t<div class=\"elementor-widget-container\">\n\t\t\t\t\t\t\t\t\t<p>\u00a0Gr\u00e2ce \u00e0 une gestion proactive, nous aidons \u00e0 optimiser vos investissements technologiques, \u00e0 r\u00e9duire les d\u00e9penses inutiles et \u00e0 prolonger la dur\u00e9e de vie de vos actifs.<\/p>\t\t\t\t\t\t\t\t<\/div>\n\t\t\t\t<\/div>\n\t\t\t\t<\/div>\n\t\t\t\t<\/div>\n\t\t\t\t\t<\/div>\n\t\t\t\t<\/div>\n\t\t<div class=\"elementor-element elementor-element-72428ba e-flex e-con-boxed e-con e-parent\" data-id=\"72428ba\" data-element_type=\"container\" data-settings=\"{&quot;background_background&quot;:&quot;classic&quot;}\">\n\t\t\t\t\t<div class=\"e-con-inner\">\n\t\t<div class=\"elementor-element elementor-element-304c36c e-con-full e-flex e-con e-child\" data-id=\"304c36c\" data-element_type=\"container\" data-settings=\"{&quot;background_background&quot;:&quot;classic&quot;}\">\n\t\t\t\t<div class=\"elementor-element elementor-element-fae986a elementor-widget elementor-widget-heading\" data-id=\"fae986a\" data-element_type=\"widget\" data-widget_type=\"heading.default\">\n\t\t\t\t<div class=\"elementor-widget-container\">\n\t\t\t\t\t<h3 class=\"elementor-heading-title elementor-size-default\">Optimisez d\u00e8s aujourd'hui votre parc informatique !<\/h3>\t\t\t\t<\/div>\n\t\t\t\t<\/div>\n\t\t\t\t<div class=\"elementor-element elementor-element-c423f0f elementor-widget__width-initial elementor-widget elementor-widget-text-editor\" data-id=\"c423f0f\" data-element_type=\"widget\" data-widget_type=\"text-editor.default\">\n\t\t\t\t<div class=\"elementor-widget-container\">\n\t\t\t\t\t\t\t\t\t<p>Ne laissez pas la gestion de vos \u00e9quipements informatiques freiner la croissance de votre entreprise. En nous confiant votre parc informatique, vous b\u00e9n\u00e9ficiez d&rsquo;une infrastructure performante, s\u00e9curis\u00e9e, et toujours \u00e0 jour.<\/p>\t\t\t\t\t\t\t\t<\/div>\n\t\t\t\t<\/div>\n\t\t\t\t<div class=\"elementor-element elementor-element-7e3eea1 elementor-align-center elementor-widget elementor-widget-button\" data-id=\"7e3eea1\" data-element_type=\"widget\" data-widget_type=\"button.default\">\n\t\t\t\t<div class=\"elementor-widget-container\">\n\t\t\t\t\t\t\t\t\t<div class=\"elementor-button-wrapper\">\n\t\t\t\t\t<a class=\"elementor-button elementor-button-link elementor-size-sm\" href=\"https:\/\/bbmagency.fr\/en\/nous-contacter\/\">\n\t\t\t\t\t\t<span class=\"elementor-button-content-wrapper\">\n\t\t\t\t\t\t\t\t\t<span class=\"elementor-button-text\">Contactez-nous<\/span>\n\t\t\t\t\t<\/span>\n\t\t\t\t\t<\/a>\n\t\t\t\t<\/div>\n\t\t\t\t\t\t\t\t<\/div>\n\t\t\t\t<\/div>\n\t\t\t\t<\/div>\n\t\t\t\t\t<\/div>\n\t\t\t\t<\/div>\n\t\t\t\t<\/div>","protected":false},"excerpt":{"rendered":"<p>Gestion de parc informatique Introduction au service de gestion de parc informatique Votre entreprise d\u00e9pend d\u2019une infrastructure informatique fiable et efficace. Notre service de gestion de parc informatique garantit une supervision compl\u00e8te de vos \u00e9quipements, logiciels et r\u00e9seaux pour une performance optimale. Nous vous aidons \u00e0 am\u00e9liorer la productivit\u00e9, \u00e0 minimiser les interruptions et \u00e0 [&hellip;]<\/p>","protected":false},"author":1,"featured_media":0,"parent":0,"menu_order":0,"comment_status":"closed","ping_status":"closed","template":"","meta":{"postBodyCss":"","postBodyMargin":[],"postBodyPadding":[],"postBodyBackground":{"backgroundType":"classic","gradient":""},"footnotes":""},"class_list":["post-1775","page","type-page","status-publish","hentry"],"_links":{"self":[{"href":"https:\/\/bbmagency.fr\/en\/wp-json\/wp\/v2\/pages\/1775","targetHints":{"allow":["GET"]}}],"collection":[{"href":"https:\/\/bbmagency.fr\/en\/wp-json\/wp\/v2\/pages"}],"about":[{"href":"https:\/\/bbmagency.fr\/en\/wp-json\/wp\/v2\/types\/page"}],"author":[{"embeddable":true,"href":"https:\/\/bbmagency.fr\/en\/wp-json\/wp\/v2\/users\/1"}],"replies":[{"embeddable":true,"href":"https:\/\/bbmagency.fr\/en\/wp-json\/wp\/v2\/comments?post=1775"}],"version-history":[{"count":96,"href":"https:\/\/bbmagency.fr\/en\/wp-json\/wp\/v2\/pages\/1775\/revisions"}],"predecessor-version":[{"id":2546,"href":"https:\/\/bbmagency.fr\/en\/wp-json\/wp\/v2\/pages\/1775\/revisions\/2546"}],"wp:attachment":[{"href":"https:\/\/bbmagency.fr\/en\/wp-json\/wp\/v2\/media?parent=1775"}],"curies":[{"name":"wp","href":"https:\/\/api.w.org\/{rel}","templated":true}]}}