{"id":124,"date":"2023-12-06T11:40:36","date_gmt":"2023-12-06T11:40:36","guid":{"rendered":"https:\/\/bbmagency.fr\/wpbc-booking-received\/"},"modified":"2024-09-21T11:17:16","modified_gmt":"2024-09-21T11:17:16","slug":"wpbc-booking-received","status":"publish","type":"page","link":"https:\/\/bbmagency.fr\/en\/wpbc-booking-received\/","title":{"rendered":"R\u00e9servation re\u00e7ue"},"content":{"rendered":"<p>Merci pour votre r\u00e9servation. Votre r\u00e9servation a \u00e9t\u00e9 re\u00e7ue avec succ\u00e8s.<br \/>[booking_confirm]<\/p>\n\n\n<p><\/p>","protected":false},"excerpt":{"rendered":"<p>Merci pour votre r\u00e9servation. Votre r\u00e9servation a \u00e9t\u00e9 re\u00e7ue avec succ\u00e8s.[booking_confirm]<\/p>","protected":false},"author":1,"featured_media":0,"parent":0,"menu_order":0,"comment_status":"closed","ping_status":"closed","template":"","meta":{"postBodyCss":"","postBodyMargin":[],"postBodyPadding":[],"postBodyBackground":{"backgroundType":"classic","gradient":""},"footnotes":""},"class_list":["post-124","page","type-page","status-publish","hentry"],"_links":{"self":[{"href":"https:\/\/bbmagency.fr\/en\/wp-json\/wp\/v2\/pages\/124","targetHints":{"allow":["GET"]}}],"collection":[{"href":"https:\/\/bbmagency.fr\/en\/wp-json\/wp\/v2\/pages"}],"about":[{"href":"https:\/\/bbmagency.fr\/en\/wp-json\/wp\/v2\/types\/page"}],"author":[{"embeddable":true,"href":"https:\/\/bbmagency.fr\/en\/wp-json\/wp\/v2\/users\/1"}],"replies":[{"embeddable":true,"href":"https:\/\/bbmagency.fr\/en\/wp-json\/wp\/v2\/comments?post=124"}],"version-history":[{"count":2,"href":"https:\/\/bbmagency.fr\/en\/wp-json\/wp\/v2\/pages\/124\/revisions"}],"predecessor-version":[{"id":1682,"href":"https:\/\/bbmagency.fr\/en\/wp-json\/wp\/v2\/pages\/124\/revisions\/1682"}],"wp:attachment":[{"href":"https:\/\/bbmagency.fr\/en\/wp-json\/wp\/v2\/media?parent=124"}],"curies":[{"name":"wp","href":"https:\/\/api.w.org\/{rel}","templated":true}]}}